{"id":69,"date":"2022-03-19T15:35:58","date_gmt":"2022-03-19T14:35:58","guid":{"rendered":"https:\/\/www.hapema-gmbh.de\/?page_id=69"},"modified":"2025-06-24T12:47:09","modified_gmt":"2025-06-24T10:47:09","slug":"ersatz-verschleissteile","status":"publish","type":"page","link":"https:\/\/www.hapema-gmbh.de\/en\/ersatz-verschleissteile\/","title":{"rendered":"Spare and wear parts"},"content":{"rendered":"<h1 class=\"wp-block-heading leftshift-header\"><strong>Spare<\/strong> and<strong> Wear Parts<\/strong><\/h1>\n\n\n\n<div class=\"wp-block-columns is-layout-flex wp-container-core-columns-is-layout-9d6595d7 wp-block-columns-is-layout-flex\">\n<div class=\"wp-block-column is-layout-flow wp-block-column-is-layout-flow\" style=\"flex-basis:66.66%\">\n<p>Ensuring process and planning certainty for our customers is our top priority. In order to minimise production downtime, we manufacture spare and wear parts on schedule with repeat accuracy, flexibility, also within the scope of contract work.<\/p>\n\n\n\n<p>Regardless of whether it involves individual pieces or series parts - from simple drilling to grinding to hard milling, we manufacture replacement and wear parts from carbide, powder metallurgical steels, steel and copper. We can produce on request, according to customer specifications or existing data. We can offer coatings in TiCN, TiCN+TiN, TiCN+Dlc or Sylin. Framework contracts that include consignment holding are also possible.<\/p>\n\n\n\n<p>We are happy to support you with any problems you may have or to assist you in the further development and optimisation of tool service life, while taking economic factors into account.<\/p>\n\n\n\n<p><\/p>\n<\/div>\n\n\n\n<div class=\"wp-block-column is-layout-flow wp-block-column-is-layout-flow\" style=\"flex-basis:33.33%\"><div class=\"n2-section-smartslider fitvidsignore  n2_clear\" data-ssid=\"24\"><div id=\"n2-ss-24-align\" class=\"n2-ss-align\"><div class=\"n2-padding\"><div id=\"n2-ss-24\" data-creator=\"Smart Slider 3\" data-responsive=\"auto\" class=\"n2-ss-slider n2-ow n2-has-hover n2notransition  n2-ss-feature-post-bg-loader\">\n        <div class=\"n2-ss-slider-1 n2_ss__touch_element n2-ow\">\n            <div class=\"n2-ss-slider-2 n2-ow\">\n                                                <div class=\"n2-ss-slider-3 n2-ow\">\n\n                    <div class=\"n2-ss-slide-backgrounds n2-ow-all\"><div class=\"n2-ss-slide-background\" data-public-id=\"1\" data-mode=\"fill\"><div class=\"n2-ss-slide-background-image\" data-blur=\"0\" data-opacity=\"100\" data-x=\"50\" data-y=\"50\" data-alt=\"\" data-title=\"\"><picture class=\"skip-lazy\" data-skip-lazy=\"1\"><img decoding=\"async\" src=\"\/\/www.hapema-gmbh.de\/wp-content\/uploads\/hapema_k_06_0154.jpg\" alt=\"\" title=\"\" loading=\"lazy\" class=\"skip-lazy\" data-skip-lazy=\"1\"><\/picture><\/div><div data-color=\"RGBA(255,255,255,0)\" style=\"background-color: RGBA(255,255,255,0);\" class=\"n2-ss-slide-background-color\"><\/div><\/div><div class=\"n2-ss-slide-background\" data-public-id=\"2\" data-mode=\"fill\" aria-hidden=\"true\"><div class=\"n2-ss-slide-background-image\" data-blur=\"0\" data-opacity=\"100\" data-x=\"50\" data-y=\"50\" data-alt=\"\" data-title=\"\"><picture class=\"skip-lazy\" data-skip-lazy=\"1\"><img decoding=\"async\" src=\"\/\/www.hapema-gmbh.de\/wp-content\/uploads\/hapema_k_II_9_0438.jpg\" alt=\"\" title=\"\" loading=\"lazy\" class=\"skip-lazy\" data-skip-lazy=\"1\"><\/picture><\/div><div data-color=\"RGBA(255,255,255,0)\" style=\"background-color: RGBA(255,255,255,0);\" class=\"n2-ss-slide-background-color\"><\/div><\/div><div class=\"n2-ss-slide-background\" data-public-id=\"3\" data-mode=\"fill\" aria-hidden=\"true\"><div class=\"n2-ss-slide-background-image\" data-blur=\"0\" data-opacity=\"100\" data-x=\"50\" data-y=\"50\" data-alt=\"\" data-title=\"\"><picture class=\"skip-lazy\" data-skip-lazy=\"1\"><img decoding=\"async\" src=\"\/\/www.hapema-gmbh.de\/wp-content\/uploads\/hapema_k_II_15_hap15046-1.jpg\" alt=\"\" title=\"\" loading=\"lazy\" class=\"skip-lazy\" data-skip-lazy=\"1\"><\/picture><\/div><div data-color=\"RGBA(255,255,255,0)\" style=\"background-color: RGBA(255,255,255,0);\" class=\"n2-ss-slide-background-color\"><\/div><\/div><div class=\"n2-ss-slide-background\" data-public-id=\"4\" data-mode=\"fill\" aria-hidden=\"true\"><div class=\"n2-ss-slide-background-image\" data-blur=\"0\" data-opacity=\"100\" data-x=\"50\" data-y=\"50\" data-alt=\"\" data-title=\"\"><picture class=\"skip-lazy\" data-skip-lazy=\"1\"><img decoding=\"async\" src=\"\/\/www.hapema-gmbh.de\/wp-content\/uploads\/hapema_k_II_0750-1.jpg\" alt=\"\" title=\"\" loading=\"lazy\" class=\"skip-lazy\" data-skip-lazy=\"1\"><\/picture><\/div><div data-color=\"RGBA(255,255,255,0)\" style=\"background-color: RGBA(255,255,255,0);\" class=\"n2-ss-slide-background-color\"><\/div><\/div><\/div>                    <div class=\"n2-ss-slider-4 n2-ow\">\n                        <svg xmlns=\"http:\/\/www.w3.org\/2000\/svg\" viewbox=\"0 0 1200 900\" data-related-device=\"desktopPortrait\" class=\"n2-ow n2-ss-preserve-size n2-ss-preserve-size--slider n2-ss-slide-limiter\"><\/svg><div data-first=\"1\" data-slide-duration=\"0\" data-id=\"97\" data-slide-public-id=\"1\" data-title=\"hapema_k_06_0154\" data-lightbox-image=\"\/\/www.hapema-gmbh.de\/wp-content\/uploads\/hapema_k_06_0154.jpg\" data-lightbox-alt=\"\" class=\"n2-ss-slide n2-ow  n2-ss-slide-97\"><div role=\"note\" class=\"n2-ss-slide--focus\" tabindex=\"-1\">hapema_k_06_0154<\/div><div class=\"n2-ss-layers-container n2-ss-slide-limiter n2-ow\"><div class=\"n2-ss-layer n2-ow n-uc-AlBPFMfUBb4A\" data-sstype=\"slide\" data-pm=\"default\"><\/div><\/div><\/div><div data-slide-duration=\"0\" data-id=\"101\" data-slide-public-id=\"2\" aria-hidden=\"true\" data-title=\"hapema_k_II_9_0438\" data-lightbox-image=\"\/\/www.hapema-gmbh.de\/wp-content\/uploads\/hapema_k_II_9_0438.jpg\" data-lightbox-alt=\"\" class=\"n2-ss-slide n2-ow  n2-ss-slide-101\"><div role=\"note\" class=\"n2-ss-slide--focus\" tabindex=\"-1\">hapema_k_II_9_0438<\/div><div class=\"n2-ss-layers-container n2-ss-slide-limiter n2-ow\"><div class=\"n2-ss-layer n2-ow n-uc-BTbsJ47OUq7H\" data-sstype=\"slide\" data-pm=\"default\"><\/div><\/div><\/div><div data-slide-duration=\"0\" data-id=\"102\" data-slide-public-id=\"3\" aria-hidden=\"true\" data-title=\"hapema_k_II_15_hap15046\" data-lightbox-image=\"\/\/www.hapema-gmbh.de\/wp-content\/uploads\/hapema_k_II_15_hap15046-1.jpg\" data-lightbox-alt=\"\" class=\"n2-ss-slide n2-ow  n2-ss-slide-102\"><div role=\"note\" class=\"n2-ss-slide--focus\" tabindex=\"-1\">hapema_k_II_15_hap15046<\/div><div class=\"n2-ss-layers-container n2-ss-slide-limiter n2-ow\"><div class=\"n2-ss-layer n2-ow n-uc-iiqU9AaY17lc\" data-sstype=\"slide\" data-pm=\"default\"><\/div><\/div><\/div><div data-slide-duration=\"0\" data-id=\"103\" data-slide-public-id=\"4\" aria-hidden=\"true\" data-title=\"hapema_k_II_0750\" data-lightbox-image=\"\/\/www.hapema-gmbh.de\/wp-content\/uploads\/hapema_k_II_0750-1.jpg\" data-lightbox-alt=\"\" class=\"n2-ss-slide n2-ow  n2-ss-slide-103\"><div role=\"note\" class=\"n2-ss-slide--focus\" tabindex=\"-1\">hapema_k_II_0750<\/div><div class=\"n2-ss-layers-container n2-ss-slide-limiter n2-ow\"><div class=\"n2-ss-layer n2-ow n-uc-dM3JQJBxwato\" data-sstype=\"slide\" data-pm=\"default\"><\/div><\/div><\/div>                    <\/div>\n\n                                    <\/div>\n            <\/div>\n        <\/div>\n        <\/div><ss3-loader><\/ss3-loader><\/div><\/div><div class=\"n2_clear\"><\/div><\/div><\/div>\n<\/div>\n\n\n\n<h2 class=\"wp-block-heading hp_subline hp_sub_space\">Just a few of our many products<\/h2>\n\n\n\n<figure class=\"wp-block-gallery has-nested-images columns-4 is-cropped custom-gallery wp-block-gallery-1 is-layout-flex wp-block-gallery-is-layout-flex\">\n<figure class=\"wp-block-image size-large\"><a href=\"https:\/\/www.hapema-gmbh.de\/wp-content\/uploads\/hapema_muster_ersatzteile_06.jpg\"><img decoding=\"async\" width=\"800\" height=\"600\" data-id=\"390\" src=\"https:\/\/www.hapema-gmbh.de\/wp-content\/uploads\/hapema_muster_ersatzteile_06.jpg\" alt=\"\" class=\"wp-image-390\" srcset=\"https:\/\/www.hapema-gmbh.de\/wp-content\/uploads\/hapema_muster_ersatzteile_06.jpg 800w, https:\/\/www.hapema-gmbh.de\/wp-content\/uploads\/hapema_muster_ersatzteile_06-300x225.jpg 300w, https:\/\/www.hapema-gmbh.de\/wp-content\/uploads\/hapema_muster_ersatzteile_06-768x576.jpg 768w\" sizes=\"(max-width: 800px) 100vw, 800px\" \/><\/a><\/figure>\n\n\n\n<figure class=\"wp-block-image size-large\"><a href=\"https:\/\/www.hapema-gmbh.de\/wp-content\/uploads\/hapema_muster_ersatzteile_05.jpg\"><img decoding=\"async\" width=\"800\" height=\"600\" data-id=\"389\" src=\"https:\/\/www.hapema-gmbh.de\/wp-content\/uploads\/hapema_muster_ersatzteile_05.jpg\" alt=\"\" class=\"wp-image-389\" srcset=\"https:\/\/www.hapema-gmbh.de\/wp-content\/uploads\/hapema_muster_ersatzteile_05.jpg 800w, https:\/\/www.hapema-gmbh.de\/wp-content\/uploads\/hapema_muster_ersatzteile_05-300x225.jpg 300w, https:\/\/www.hapema-gmbh.de\/wp-content\/uploads\/hapema_muster_ersatzteile_05-768x576.jpg 768w\" sizes=\"(max-width: 800px) 100vw, 800px\" \/><\/a><\/figure>\n\n\n\n<figure class=\"wp-block-image size-large\"><a href=\"https:\/\/www.hapema-gmbh.de\/wp-content\/uploads\/hapema_muster_ersatzteile_03.jpg\"><img decoding=\"async\" width=\"800\" height=\"600\" data-id=\"387\" src=\"https:\/\/www.hapema-gmbh.de\/wp-content\/uploads\/hapema_muster_ersatzteile_03.jpg\" alt=\"\" class=\"wp-image-387\" srcset=\"https:\/\/www.hapema-gmbh.de\/wp-content\/uploads\/hapema_muster_ersatzteile_03.jpg 800w, https:\/\/www.hapema-gmbh.de\/wp-content\/uploads\/hapema_muster_ersatzteile_03-300x225.jpg 300w, https:\/\/www.hapema-gmbh.de\/wp-content\/uploads\/hapema_muster_ersatzteile_03-768x576.jpg 768w\" sizes=\"(max-width: 800px) 100vw, 800px\" \/><\/a><\/figure>\n\n\n\n<figure class=\"wp-block-image size-large\"><a href=\"https:\/\/www.hapema-gmbh.de\/wp-content\/uploads\/hapema_muster_ersatzteile_04.jpg\"><img decoding=\"async\" width=\"800\" height=\"600\" data-id=\"388\" src=\"https:\/\/www.hapema-gmbh.de\/wp-content\/uploads\/hapema_muster_ersatzteile_04.jpg\" alt=\"\" class=\"wp-image-388\" srcset=\"https:\/\/www.hapema-gmbh.de\/wp-content\/uploads\/hapema_muster_ersatzteile_04.jpg 800w, https:\/\/www.hapema-gmbh.de\/wp-content\/uploads\/hapema_muster_ersatzteile_04-300x225.jpg 300w, https:\/\/www.hapema-gmbh.de\/wp-content\/uploads\/hapema_muster_ersatzteile_04-768x576.jpg 768w\" sizes=\"(max-width: 800px) 100vw, 800px\" \/><\/a><\/figure>\n\n\n\n<figure class=\"wp-block-image size-large\"><a href=\"https:\/\/www.hapema-gmbh.de\/wp-content\/uploads\/hapema_muster_ersatzteile_01.jpg\"><img decoding=\"async\" width=\"800\" height=\"600\" data-id=\"385\" src=\"https:\/\/www.hapema-gmbh.de\/wp-content\/uploads\/hapema_muster_ersatzteile_01.jpg\" alt=\"\" class=\"wp-image-385\" srcset=\"https:\/\/www.hapema-gmbh.de\/wp-content\/uploads\/hapema_muster_ersatzteile_01.jpg 800w, https:\/\/www.hapema-gmbh.de\/wp-content\/uploads\/hapema_muster_ersatzteile_01-300x225.jpg 300w, https:\/\/www.hapema-gmbh.de\/wp-content\/uploads\/hapema_muster_ersatzteile_01-768x576.jpg 768w\" sizes=\"(max-width: 800px) 100vw, 800px\" \/><\/a><\/figure>\n\n\n\n<figure class=\"wp-block-image size-large\"><a href=\"https:\/\/www.hapema-gmbh.de\/wp-content\/uploads\/hapema_muster_ersatzteile_02.jpg\"><img decoding=\"async\" width=\"800\" height=\"600\" data-id=\"386\" src=\"https:\/\/www.hapema-gmbh.de\/wp-content\/uploads\/hapema_muster_ersatzteile_02.jpg\" alt=\"\" class=\"wp-image-386\" srcset=\"https:\/\/www.hapema-gmbh.de\/wp-content\/uploads\/hapema_muster_ersatzteile_02.jpg 800w, https:\/\/www.hapema-gmbh.de\/wp-content\/uploads\/hapema_muster_ersatzteile_02-300x225.jpg 300w, https:\/\/www.hapema-gmbh.de\/wp-content\/uploads\/hapema_muster_ersatzteile_02-768x576.jpg 768w\" sizes=\"(max-width: 800px) 100vw, 800px\" \/><\/a><\/figure>\n\n\n\n<figure class=\"wp-block-image size-large\"><a href=\"https:\/\/www.hapema-gmbh.de\/wp-content\/uploads\/hapema_muster_ersatzteile_07.jpg\"><img decoding=\"async\" width=\"800\" height=\"600\" data-id=\"391\" src=\"https:\/\/www.hapema-gmbh.de\/wp-content\/uploads\/hapema_muster_ersatzteile_07.jpg\" alt=\"\" class=\"wp-image-391\" srcset=\"https:\/\/www.hapema-gmbh.de\/wp-content\/uploads\/hapema_muster_ersatzteile_07.jpg 800w, https:\/\/www.hapema-gmbh.de\/wp-content\/uploads\/hapema_muster_ersatzteile_07-300x225.jpg 300w, https:\/\/www.hapema-gmbh.de\/wp-content\/uploads\/hapema_muster_ersatzteile_07-768x576.jpg 768w\" sizes=\"(max-width: 800px) 100vw, 800px\" \/><\/a><\/figure>\n\n\n\n<figure class=\"wp-block-image size-large\"><a href=\"https:\/\/www.hapema-gmbh.de\/wp-content\/uploads\/hapema_muster_ersatzteile_08.jpg\"><img decoding=\"async\" width=\"800\" height=\"600\" data-id=\"392\" src=\"https:\/\/www.hapema-gmbh.de\/wp-content\/uploads\/hapema_muster_ersatzteile_08.jpg\" alt=\"\" class=\"wp-image-392\" srcset=\"https:\/\/www.hapema-gmbh.de\/wp-content\/uploads\/hapema_muster_ersatzteile_08.jpg 800w, https:\/\/www.hapema-gmbh.de\/wp-content\/uploads\/hapema_muster_ersatzteile_08-300x225.jpg 300w, https:\/\/www.hapema-gmbh.de\/wp-content\/uploads\/hapema_muster_ersatzteile_08-768x576.jpg 768w\" sizes=\"(max-width: 800px) 100vw, 800px\" \/><\/a><\/figure>\n\n\n\n<figure class=\"wp-block-image size-large\"><a href=\"https:\/\/www.hapema-gmbh.de\/wp-content\/uploads\/hapema_muster_ersatzteile_09.jpg\"><img decoding=\"async\" width=\"800\" height=\"600\" data-id=\"393\" src=\"https:\/\/www.hapema-gmbh.de\/wp-content\/uploads\/hapema_muster_ersatzteile_09.jpg\" alt=\"\" class=\"wp-image-393\" srcset=\"https:\/\/www.hapema-gmbh.de\/wp-content\/uploads\/hapema_muster_ersatzteile_09.jpg 800w, https:\/\/www.hapema-gmbh.de\/wp-content\/uploads\/hapema_muster_ersatzteile_09-300x225.jpg 300w, https:\/\/www.hapema-gmbh.de\/wp-content\/uploads\/hapema_muster_ersatzteile_09-768x576.jpg 768w\" sizes=\"(max-width: 800px) 100vw, 800px\" \/><\/a><\/figure>\n\n\n\n<figure class=\"wp-block-image size-large\"><a href=\"https:\/\/www.hapema-gmbh.de\/wp-content\/uploads\/hapema_muster_ersatzteile_10.jpg\"><img decoding=\"async\" width=\"800\" height=\"600\" data-id=\"394\" src=\"https:\/\/www.hapema-gmbh.de\/wp-content\/uploads\/hapema_muster_ersatzteile_10.jpg\" alt=\"\" class=\"wp-image-394\" srcset=\"https:\/\/www.hapema-gmbh.de\/wp-content\/uploads\/hapema_muster_ersatzteile_10.jpg 800w, https:\/\/www.hapema-gmbh.de\/wp-content\/uploads\/hapema_muster_ersatzteile_10-300x225.jpg 300w, https:\/\/www.hapema-gmbh.de\/wp-content\/uploads\/hapema_muster_ersatzteile_10-768x576.jpg 768w\" sizes=\"(max-width: 800px) 100vw, 800px\" \/><\/a><\/figure>\n\n\n\n<figure class=\"wp-block-image size-large\"><a href=\"https:\/\/www.hapema-gmbh.de\/wp-content\/uploads\/hapema_muster_ersatzteile_11.jpg\"><img decoding=\"async\" width=\"800\" height=\"600\" data-id=\"395\" src=\"https:\/\/www.hapema-gmbh.de\/wp-content\/uploads\/hapema_muster_ersatzteile_11.jpg\" alt=\"\" class=\"wp-image-395\" srcset=\"https:\/\/www.hapema-gmbh.de\/wp-content\/uploads\/hapema_muster_ersatzteile_11.jpg 800w, https:\/\/www.hapema-gmbh.de\/wp-content\/uploads\/hapema_muster_ersatzteile_11-300x225.jpg 300w, https:\/\/www.hapema-gmbh.de\/wp-content\/uploads\/hapema_muster_ersatzteile_11-768x576.jpg 768w\" sizes=\"(max-width: 800px) 100vw, 800px\" \/><\/a><\/figure>\n\n\n\n<figure class=\"wp-block-image size-large\"><a href=\"https:\/\/www.hapema-gmbh.de\/wp-content\/uploads\/hapema_muster_ersatzteile_12.jpg\"><img decoding=\"async\" width=\"800\" height=\"600\" data-id=\"396\" src=\"https:\/\/www.hapema-gmbh.de\/wp-content\/uploads\/hapema_muster_ersatzteile_12.jpg\" alt=\"\" class=\"wp-image-396\" srcset=\"https:\/\/www.hapema-gmbh.de\/wp-content\/uploads\/hapema_muster_ersatzteile_12.jpg 800w, https:\/\/www.hapema-gmbh.de\/wp-content\/uploads\/hapema_muster_ersatzteile_12-300x225.jpg 300w, https:\/\/www.hapema-gmbh.de\/wp-content\/uploads\/hapema_muster_ersatzteile_12-768x576.jpg 768w\" sizes=\"(max-width: 800px) 100vw, 800px\" \/><\/a><\/figure>\n\n\n\n<figure class=\"wp-block-image size-large\"><a href=\"https:\/\/www.hapema-gmbh.de\/wp-content\/uploads\/hapema_muster_ersatzteile_13.jpg\"><img decoding=\"async\" width=\"800\" height=\"600\" data-id=\"397\" src=\"https:\/\/www.hapema-gmbh.de\/wp-content\/uploads\/hapema_muster_ersatzteile_13.jpg\" alt=\"\" class=\"wp-image-397\" srcset=\"https:\/\/www.hapema-gmbh.de\/wp-content\/uploads\/hapema_muster_ersatzteile_13.jpg 800w, https:\/\/www.hapema-gmbh.de\/wp-content\/uploads\/hapema_muster_ersatzteile_13-300x225.jpg 300w, https:\/\/www.hapema-gmbh.de\/wp-content\/uploads\/hapema_muster_ersatzteile_13-768x576.jpg 768w\" sizes=\"(max-width: 800px) 100vw, 800px\" \/><\/a><\/figure>\n\n\n\n<figure class=\"wp-block-image size-large\"><a href=\"https:\/\/www.hapema-gmbh.de\/wp-content\/uploads\/hapema_muster_ersatzteile_14.jpg\"><img decoding=\"async\" width=\"800\" height=\"600\" data-id=\"398\" src=\"https:\/\/www.hapema-gmbh.de\/wp-content\/uploads\/hapema_muster_ersatzteile_14.jpg\" alt=\"\" class=\"wp-image-398\" srcset=\"https:\/\/www.hapema-gmbh.de\/wp-content\/uploads\/hapema_muster_ersatzteile_14.jpg 800w, https:\/\/www.hapema-gmbh.de\/wp-content\/uploads\/hapema_muster_ersatzteile_14-300x225.jpg 300w, https:\/\/www.hapema-gmbh.de\/wp-content\/uploads\/hapema_muster_ersatzteile_14-768x576.jpg 768w\" sizes=\"(max-width: 800px) 100vw, 800px\" \/><\/a><\/figure>\n\n\n\n<figure class=\"wp-block-image size-large\"><a href=\"https:\/\/www.hapema-gmbh.de\/wp-content\/uploads\/hapema_muster_ersatzteile_15.jpg\"><img decoding=\"async\" width=\"800\" height=\"600\" data-id=\"399\" src=\"https:\/\/www.hapema-gmbh.de\/wp-content\/uploads\/hapema_muster_ersatzteile_15.jpg\" alt=\"\" class=\"wp-image-399\" srcset=\"https:\/\/www.hapema-gmbh.de\/wp-content\/uploads\/hapema_muster_ersatzteile_15.jpg 800w, https:\/\/www.hapema-gmbh.de\/wp-content\/uploads\/hapema_muster_ersatzteile_15-300x225.jpg 300w, https:\/\/www.hapema-gmbh.de\/wp-content\/uploads\/hapema_muster_ersatzteile_15-768x576.jpg 768w\" sizes=\"(max-width: 800px) 100vw, 800px\" \/><\/a><\/figure>\n\n\n\n<figure class=\"wp-block-image size-large\"><a href=\"https:\/\/www.hapema-gmbh.de\/wp-content\/uploads\/hapema_muster_ersatzteile_16.jpg\"><img decoding=\"async\" width=\"800\" height=\"600\" data-id=\"400\" src=\"https:\/\/www.hapema-gmbh.de\/wp-content\/uploads\/hapema_muster_ersatzteile_16.jpg\" alt=\"\" class=\"wp-image-400\" srcset=\"https:\/\/www.hapema-gmbh.de\/wp-content\/uploads\/hapema_muster_ersatzteile_16.jpg 800w, https:\/\/www.hapema-gmbh.de\/wp-content\/uploads\/hapema_muster_ersatzteile_16-300x225.jpg 300w, https:\/\/www.hapema-gmbh.de\/wp-content\/uploads\/hapema_muster_ersatzteile_16-768x576.jpg 768w\" sizes=\"(max-width: 800px) 100vw, 800px\" \/><\/a><\/figure>\n<\/figure>\n\n\n\n<figure class=\"wp-block-image size-large custom-bg\"><img decoding=\"async\" width=\"1024\" height=\"550\" src=\"https:\/\/www.hapema-gmbh.de\/wp-content\/uploads\/ILLU_2-5_stapler_50-1024x550.png\" alt=\"\" class=\"wp-image-200\" srcset=\"https:\/\/www.hapema-gmbh.de\/wp-content\/uploads\/ILLU_2-5_stapler_50-1024x550.png 1024w, https:\/\/www.hapema-gmbh.de\/wp-content\/uploads\/ILLU_2-5_stapler_50-300x161.png 300w, https:\/\/www.hapema-gmbh.de\/wp-content\/uploads\/ILLU_2-5_stapler_50-768x412.png 768w, https:\/\/www.hapema-gmbh.de\/wp-content\/uploads\/ILLU_2-5_stapler_50-1536x825.png 1536w, https:\/\/www.hapema-gmbh.de\/wp-content\/uploads\/ILLU_2-5_stapler_50.png 1920w\" sizes=\"(max-width: 1024px) 100vw, 1024px\" \/><\/figure>","protected":false},"excerpt":{"rendered":"<p>Ersatz- und Verschlei\u00dfteile Unseren Kunden Prozess- und Planungssicherheit zu bieten, hat f\u00fcr uns oberste Priorit\u00e4t. Um Fertigungsunterbrechungen so kurz wie m\u00f6glich zu halten, fertigen wir Ersatz- und Verschlei\u00dfteile wiederholgenau, flexibel und termingerecht, auch im Rahmen von Lohnarbeiten. Ob Einzelst\u00fccke oder Serienteil \u2013 von der einfachen Bohrung \u00fcber Schleifen bis hin zum Hartfr\u00e4sen fertigen wir Ersatz- [&hellip;]<\/p>\n","protected":false},"author":7,"featured_media":0,"parent":0,"menu_order":0,"comment_status":"closed","ping_status":"closed","template":"","meta":{"footnotes":""},"class_list":["post-69","page","type-page","status-publish","hentry","post"],"_links":{"self":[{"href":"https:\/\/www.hapema-gmbh.de\/en\/wp-json\/wp\/v2\/pages\/69","targetHints":{"allow":["GET"]}}],"collection":[{"href":"https:\/\/www.hapema-gmbh.de\/en\/wp-json\/wp\/v2\/pages"}],"about":[{"href":"https:\/\/www.hapema-gmbh.de\/en\/wp-json\/wp\/v2\/types\/page"}],"author":[{"embeddable":true,"href":"https:\/\/www.hapema-gmbh.de\/en\/wp-json\/wp\/v2\/users\/7"}],"replies":[{"embeddable":true,"href":"https:\/\/www.hapema-gmbh.de\/en\/wp-json\/wp\/v2\/comments?post=69"}],"version-history":[{"count":12,"href":"https:\/\/www.hapema-gmbh.de\/en\/wp-json\/wp\/v2\/pages\/69\/revisions"}],"predecessor-version":[{"id":10491,"href":"https:\/\/www.hapema-gmbh.de\/en\/wp-json\/wp\/v2\/pages\/69\/revisions\/10491"}],"wp:attachment":[{"href":"https:\/\/www.hapema-gmbh.de\/en\/wp-json\/wp\/v2\/media?parent=69"}],"curies":[{"name":"wp","href":"https:\/\/api.w.org\/{rel}","templated":true}]}}