{"id":67,"date":"2022-03-19T15:35:37","date_gmt":"2022-03-19T14:35:37","guid":{"rendered":"https:\/\/www.hapema-gmbh.de\/?page_id=67"},"modified":"2025-06-24T12:48:36","modified_gmt":"2025-06-24T10:48:36","slug":"praezisions-werkzeugbau","status":"publish","type":"page","link":"https:\/\/www.hapema-gmbh.de\/en\/praezisions-werkzeugbau\/","title":{"rendered":"Precision Tool Making"},"content":{"rendered":"<h1 class=\"wp-block-heading leftshift-header\">Precision\u00a0<strong>Tool Making<\/strong><\/h1>\n\n\n\n<div class=\"wp-block-columns is-layout-flex wp-container-core-columns-is-layout-9d6595d7 wp-block-columns-is-layout-flex\">\n<div class=\"wp-block-column is-layout-flow wp-block-column-is-layout-flow\" style=\"flex-basis:66.66%\">\n<p>hapema is specialised in the manufacture and assembly of modular progressive dies. We can manufacture any tool, regardless of the degree of difficulty involved. This includes tools with different press-fit zones, tools for the processing of bondable materials or tools that require the addition of contact rivets or additional components.<\/p>\n\n\n\n<p>Our in-house engineering department develops tools that can consist of more than 1,500 parts. In addition to developing products for hapema, it also develops tools in close cooperation with our customers. This is all about creating specific solutions and leveraging hapema\u2019s extensive range of in-house capabilities from 3D construction to manufacturing and assembly.<\/p>\n\n\n\n<p>Our highly skilled personnel and long-standing, reliable suppliers enable us to provide our customers with comprehensive support for every aspect of their overall concept. We can provide them with services such as 3D modelling (VISI), manufacturing and assembly as well as the adjustment and inspection of their tools. In doing so, we can develop and manufacture according to hapema standards or individual customer requirements.<\/p>\n\n\n\n<p><a href=\"https:\/\/www.hapema-gmbh.de\/en\/ersatz-verschleissteile\/\" data-type=\"link\" data-id=\"https:\/\/www.hapema-gmbh.de\/en\/ersatz-verschleissteile\/\">Spare and Wear Parts<\/a><\/p>\n<\/div>\n\n\n\n<div class=\"wp-block-column is-layout-flow wp-block-column-is-layout-flow\" style=\"flex-basis:33.33%\"><div class=\"n2-section-smartslider fitvidsignore  n2_clear\" data-ssid=\"23\"><div id=\"n2-ss-23-align\" class=\"n2-ss-align\"><div class=\"n2-padding\"><div id=\"n2-ss-23\" data-creator=\"Smart Slider 3\" data-responsive=\"auto\" class=\"n2-ss-slider n2-ow n2-has-hover n2notransition  n2-ss-feature-post-bg-loader\">\n        <div class=\"n2-ss-slider-1 n2_ss__touch_element n2-ow\">\n            <div class=\"n2-ss-slider-2 n2-ow\">\n                                                <div class=\"n2-ss-slider-3 n2-ow\">\n\n                    <div class=\"n2-ss-slide-backgrounds n2-ow-all\"><div class=\"n2-ss-slide-background\" data-public-id=\"1\" data-mode=\"fill\"><div class=\"n2-ss-slide-background-image\" data-blur=\"0\" data-opacity=\"100\" data-x=\"50\" data-y=\"50\" data-alt=\"\" data-title=\"\"><picture class=\"skip-lazy\" data-skip-lazy=\"1\"><img decoding=\"async\" src=\"\/\/www.hapema-gmbh.de\/wp-content\/uploads\/hapema_k_00_0084.jpg\" alt=\"\" title=\"\" loading=\"lazy\" class=\"skip-lazy\" data-skip-lazy=\"1\"><\/picture><\/div><div data-color=\"RGBA(255,255,255,0)\" style=\"background-color: RGBA(255,255,255,0);\" class=\"n2-ss-slide-background-color\"><\/div><\/div><div class=\"n2-ss-slide-background\" data-public-id=\"2\" data-mode=\"fill\" aria-hidden=\"true\"><div class=\"n2-ss-slide-background-image\" data-blur=\"0\" data-opacity=\"100\" data-x=\"50\" data-y=\"50\" data-alt=\"\" data-title=\"\"><picture class=\"skip-lazy\" data-skip-lazy=\"1\"><img decoding=\"async\" src=\"\/\/www.hapema-gmbh.de\/wp-content\/uploads\/hapema_k_02_0033-2.jpg\" alt=\"\" title=\"\" loading=\"lazy\" class=\"skip-lazy\" data-skip-lazy=\"1\"><\/picture><\/div><div data-color=\"RGBA(255,255,255,0)\" style=\"background-color: RGBA(255,255,255,0);\" class=\"n2-ss-slide-background-color\"><\/div><\/div><div class=\"n2-ss-slide-background\" data-public-id=\"3\" data-mode=\"fill\" aria-hidden=\"true\"><div class=\"n2-ss-slide-background-image\" data-blur=\"0\" data-opacity=\"100\" data-x=\"50\" data-y=\"50\" data-alt=\"\" data-title=\"\"><picture class=\"skip-lazy\" data-skip-lazy=\"1\"><img decoding=\"async\" src=\"\/\/www.hapema-gmbh.de\/wp-content\/uploads\/hapema_k_06_0154.jpg\" alt=\"\" title=\"\" loading=\"lazy\" class=\"skip-lazy\" data-skip-lazy=\"1\"><\/picture><\/div><div data-color=\"RGBA(255,255,255,0)\" style=\"background-color: RGBA(255,255,255,0);\" class=\"n2-ss-slide-background-color\"><\/div><\/div><div class=\"n2-ss-slide-background\" data-public-id=\"4\" data-mode=\"fill\" aria-hidden=\"true\"><div class=\"n2-ss-slide-background-image\" data-blur=\"0\" data-opacity=\"100\" data-x=\"50\" data-y=\"50\" data-alt=\"\" data-title=\"\"><picture class=\"skip-lazy\" data-skip-lazy=\"1\"><img decoding=\"async\" src=\"\/\/www.hapema-gmbh.de\/wp-content\/uploads\/hapema_k_08_0477.jpg\" alt=\"\" title=\"\" loading=\"lazy\" class=\"skip-lazy\" data-skip-lazy=\"1\"><\/picture><\/div><div data-color=\"RGBA(255,255,255,0)\" style=\"background-color: RGBA(255,255,255,0);\" class=\"n2-ss-slide-background-color\"><\/div><\/div><div class=\"n2-ss-slide-background\" data-public-id=\"5\" data-mode=\"fill\" aria-hidden=\"true\"><div class=\"n2-ss-slide-background-image\" data-blur=\"0\" data-opacity=\"100\" data-x=\"50\" data-y=\"50\" data-alt=\"\" data-title=\"\"><picture class=\"skip-lazy\" data-skip-lazy=\"1\"><img decoding=\"async\" src=\"\/\/www.hapema-gmbh.de\/wp-content\/uploads\/hapema_k_12_0495-1.jpg\" alt=\"\" title=\"\" loading=\"lazy\" class=\"skip-lazy\" data-skip-lazy=\"1\"><\/picture><\/div><div data-color=\"RGBA(255,255,255,0)\" style=\"background-color: RGBA(255,255,255,0);\" class=\"n2-ss-slide-background-color\"><\/div><\/div><div class=\"n2-ss-slide-background\" data-public-id=\"6\" data-mode=\"fill\" aria-hidden=\"true\"><div class=\"n2-ss-slide-background-image\" data-blur=\"0\" data-opacity=\"100\" data-x=\"50\" data-y=\"50\" data-alt=\"\" data-title=\"\"><picture class=\"skip-lazy\" data-skip-lazy=\"1\"><img decoding=\"async\" src=\"\/\/www.hapema-gmbh.de\/wp-content\/uploads\/hapema_k_II_2-0519.jpg\" alt=\"\" title=\"\" loading=\"lazy\" class=\"skip-lazy\" data-skip-lazy=\"1\"><\/picture><\/div><div data-color=\"RGBA(255,255,255,0)\" style=\"background-color: RGBA(255,255,255,0);\" class=\"n2-ss-slide-background-color\"><\/div><\/div><\/div>                    <div class=\"n2-ss-slider-4 n2-ow\">\n                        <svg xmlns=\"http:\/\/www.w3.org\/2000\/svg\" viewbox=\"0 0 1200 900\" data-related-device=\"desktopPortrait\" class=\"n2-ow n2-ss-preserve-size n2-ss-preserve-size--slider n2-ss-slide-limiter\"><\/svg><div data-first=\"1\" data-slide-duration=\"0\" data-id=\"85\" data-slide-public-id=\"1\" data-title=\"hapema_k_00_0084\" data-lightbox-image=\"\/\/www.hapema-gmbh.de\/wp-content\/uploads\/hapema_k_00_0084.jpg\" data-lightbox-alt=\"\" class=\"n2-ss-slide n2-ow  n2-ss-slide-85\"><div role=\"note\" class=\"n2-ss-slide--focus\" tabindex=\"-1\">hapema_k_00_0084<\/div><div class=\"n2-ss-layers-container n2-ss-slide-limiter n2-ow\"><div class=\"n2-ss-layer n2-ow n-uc-cwEhU9l6oqTz\" data-sstype=\"slide\" data-pm=\"default\"><\/div><\/div><\/div><div data-slide-duration=\"0\" data-id=\"86\" data-slide-public-id=\"2\" aria-hidden=\"true\" data-title=\"hapema_k_02_0033\" data-lightbox-image=\"\/\/www.hapema-gmbh.de\/wp-content\/uploads\/hapema_k_02_0033-2.jpg\" data-lightbox-alt=\"\" class=\"n2-ss-slide n2-ow  n2-ss-slide-86\"><div role=\"note\" class=\"n2-ss-slide--focus\" tabindex=\"-1\">hapema_k_02_0033<\/div><div class=\"n2-ss-layers-container n2-ss-slide-limiter n2-ow\"><div class=\"n2-ss-layer n2-ow n-uc-ZIXF6vaSHQPc\" data-sstype=\"slide\" data-pm=\"default\"><\/div><\/div><\/div><div data-slide-duration=\"0\" data-id=\"87\" data-slide-public-id=\"3\" aria-hidden=\"true\" data-title=\"hapema_k_06_0154\" data-lightbox-image=\"\/\/www.hapema-gmbh.de\/wp-content\/uploads\/hapema_k_06_0154.jpg\" data-lightbox-alt=\"\" class=\"n2-ss-slide n2-ow  n2-ss-slide-87\"><div role=\"note\" class=\"n2-ss-slide--focus\" tabindex=\"-1\">hapema_k_06_0154<\/div><div class=\"n2-ss-layers-container n2-ss-slide-limiter n2-ow\"><div class=\"n2-ss-layer n2-ow n-uc-H0SNMBu22ARs\" data-sstype=\"slide\" data-pm=\"default\"><\/div><\/div><\/div><div data-slide-duration=\"0\" data-id=\"88\" data-slide-public-id=\"4\" aria-hidden=\"true\" data-title=\"hapema_k_08_0477\" data-lightbox-image=\"\/\/www.hapema-gmbh.de\/wp-content\/uploads\/hapema_k_08_0477.jpg\" data-lightbox-alt=\"\" class=\"n2-ss-slide n2-ow  n2-ss-slide-88\"><div role=\"note\" class=\"n2-ss-slide--focus\" tabindex=\"-1\">hapema_k_08_0477<\/div><div class=\"n2-ss-layers-container n2-ss-slide-limiter n2-ow\"><div class=\"n2-ss-layer n2-ow n-uc-08zKtcWTNyzU\" data-sstype=\"slide\" data-pm=\"default\"><\/div><\/div><\/div><div data-slide-duration=\"0\" data-id=\"89\" data-slide-public-id=\"5\" aria-hidden=\"true\" data-title=\"hapema_k_12_0495\" data-lightbox-image=\"\/\/www.hapema-gmbh.de\/wp-content\/uploads\/hapema_k_12_0495-1.jpg\" data-lightbox-alt=\"\" class=\"n2-ss-slide n2-ow  n2-ss-slide-89\"><div role=\"note\" class=\"n2-ss-slide--focus\" tabindex=\"-1\">hapema_k_12_0495<\/div><div class=\"n2-ss-layers-container n2-ss-slide-limiter n2-ow\"><div class=\"n2-ss-layer n2-ow n-uc-r8gCAFenHEiy\" data-sstype=\"slide\" data-pm=\"default\"><\/div><\/div><\/div><div data-slide-duration=\"0\" data-id=\"90\" data-slide-public-id=\"6\" aria-hidden=\"true\" data-title=\"hapema_k_II_2-0519\" data-lightbox-image=\"\/\/www.hapema-gmbh.de\/wp-content\/uploads\/hapema_k_II_2-0519.jpg\" data-lightbox-alt=\"\" class=\"n2-ss-slide n2-ow  n2-ss-slide-90\"><div role=\"note\" class=\"n2-ss-slide--focus\" tabindex=\"-1\">hapema_k_II_2-0519<\/div><div class=\"n2-ss-layers-container n2-ss-slide-limiter n2-ow\"><div class=\"n2-ss-layer n2-ow n-uc-VxPb3nKuOtbH\" data-sstype=\"slide\" data-pm=\"default\"><\/div><\/div><\/div>                    <\/div>\n\n                                    <\/div>\n            <\/div>\n        <\/div>\n        <\/div><ss3-loader><\/ss3-loader><\/div><\/div><div class=\"n2_clear\"><\/div><\/div><\/div>\n<\/div>\n\n\n\n<h2 class=\"wp-block-heading hp_subline\"><strong>Our portfolio of precision tooling technology at a glance:<\/strong><\/h2>\n\n\n\n<ul class=\"wp-block-list hp_bulletlist\">\n<li>Stamping tools<\/li>\n\n\n\n<li>Stamping-bending tools\u00a0<\/li>\n\n\n\n<li>Stamping-bending tools with extraction drawer<\/li>\n\n\n\n<li>All flexible and rigid press-fit zones according to customer specifications<\/li>\n\n\n\n<li>Line dies<\/li>\n\n\n\n<li>Stamping tools for the processing and machining of bondable materials (dry machined)<\/li>\n\n\n\n<li>Tools for wire- and contact rivets<\/li>\n\n\n\n<li>Tools with in-die tapping units<\/li>\n\n\n\n<li>Deep drawing and transfer dies<\/li>\n<\/ul>\n\n\n\n<h2 class=\"wp-block-heading hp_subline hp_sub_space\"><strong>The right solution for every product idea<\/strong><\/h2>\n\n\n\n<p class=\"hp_content_copy\">With over 30 years of experience and collective know-how, the hapema team is extremely flexible when it comes to fulfilling the specifications and wishes of our customers. Thanks to the expertise and support of our specialists, we can realise even the most unusual solutions and also provide manufacturing proposals.<br>Every department, including the milling shop, high-speed cutting shop and grinding shop is equipped with cutting-edge CAM-linked machining centres to ensure efficient and smooth production. hapema can also provide solutions for optical profile grinding as well as sink and wire erosion.<\/p>\n\n\n\n<h2 class=\"wp-block-heading hp_subline hp_sub_space\"><strong>Just a few of our many products<\/strong><\/h2>\n\n\n\n<figure class=\"wp-block-gallery has-nested-images columns-3 is-cropped custom-gallery wp-block-gallery-1 is-layout-flex wp-block-gallery-is-layout-flex\">\n<figure class=\"wp-block-image size-large\"><a href=\"https:\/\/www.hapema-gmbh.de\/wp-content\/uploads\/hapema_muster_werkzeuge_01.jpg\"><img decoding=\"async\" width=\"800\" height=\"600\" data-id=\"378\" src=\"https:\/\/www.hapema-gmbh.de\/wp-content\/uploads\/hapema_muster_werkzeuge_01.jpg\" alt=\"\" class=\"wp-image-378\" srcset=\"https:\/\/www.hapema-gmbh.de\/wp-content\/uploads\/hapema_muster_werkzeuge_01.jpg 800w, https:\/\/www.hapema-gmbh.de\/wp-content\/uploads\/hapema_muster_werkzeuge_01-300x225.jpg 300w, https:\/\/www.hapema-gmbh.de\/wp-content\/uploads\/hapema_muster_werkzeuge_01-768x576.jpg 768w\" sizes=\"(max-width: 800px) 100vw, 800px\" \/><\/a><figcaption class=\"wp-element-caption\">Multi-module stamping-bending tools<\/figcaption><\/figure>\n\n\n\n<figure class=\"wp-block-image size-large\"><a href=\"https:\/\/www.hapema-gmbh.de\/wp-content\/uploads\/hapema_muster_werkzeuge_02.jpg\"><img decoding=\"async\" width=\"800\" height=\"600\" data-id=\"379\" src=\"https:\/\/www.hapema-gmbh.de\/wp-content\/uploads\/hapema_muster_werkzeuge_02.jpg\" alt=\"\" class=\"wp-image-379\" srcset=\"https:\/\/www.hapema-gmbh.de\/wp-content\/uploads\/hapema_muster_werkzeuge_02.jpg 800w, https:\/\/www.hapema-gmbh.de\/wp-content\/uploads\/hapema_muster_werkzeuge_02-300x225.jpg 300w, https:\/\/www.hapema-gmbh.de\/wp-content\/uploads\/hapema_muster_werkzeuge_02-768x576.jpg 768w\" sizes=\"(max-width: 800px) 100vw, 800px\" \/><\/a><figcaption class=\"wp-element-caption\">Compact stamping-bending tools<\/figcaption><\/figure>\n\n\n\n<figure class=\"wp-block-image size-large\"><a href=\"https:\/\/www.hapema-gmbh.de\/wp-content\/uploads\/hapema_muster_werkzeuge_03.jpg\"><img decoding=\"async\" width=\"800\" height=\"600\" data-id=\"380\" src=\"https:\/\/www.hapema-gmbh.de\/wp-content\/uploads\/hapema_muster_werkzeuge_03.jpg\" alt=\"\" class=\"wp-image-380\" srcset=\"https:\/\/www.hapema-gmbh.de\/wp-content\/uploads\/hapema_muster_werkzeuge_03.jpg 800w, https:\/\/www.hapema-gmbh.de\/wp-content\/uploads\/hapema_muster_werkzeuge_03-300x225.jpg 300w, https:\/\/www.hapema-gmbh.de\/wp-content\/uploads\/hapema_muster_werkzeuge_03-768x576.jpg 768w\" sizes=\"(max-width: 800px) 100vw, 800px\" \/><\/a><figcaption class=\"wp-element-caption\">Pre-punching tool for punched grids<\/figcaption><\/figure>\n\n\n\n<figure class=\"wp-block-image size-large\"><a href=\"https:\/\/www.hapema-gmbh.de\/wp-content\/uploads\/hapema_muster_werkzeuge_04.jpg\"><img decoding=\"async\" width=\"800\" height=\"600\" data-id=\"381\" src=\"https:\/\/www.hapema-gmbh.de\/wp-content\/uploads\/hapema_muster_werkzeuge_04.jpg\" alt=\"\" class=\"wp-image-381\" srcset=\"https:\/\/www.hapema-gmbh.de\/wp-content\/uploads\/hapema_muster_werkzeuge_04.jpg 800w, https:\/\/www.hapema-gmbh.de\/wp-content\/uploads\/hapema_muster_werkzeuge_04-300x225.jpg 300w, https:\/\/www.hapema-gmbh.de\/wp-content\/uploads\/hapema_muster_werkzeuge_04-768x576.jpg 768w\" sizes=\"(max-width: 800px) 100vw, 800px\" \/><\/a><figcaption class=\"wp-element-caption\">Tool with wire- and contact rivet feeder<\/figcaption><\/figure>\n\n\n\n<figure class=\"wp-block-image size-large\"><a href=\"https:\/\/www.hapema-gmbh.de\/wp-content\/uploads\/hapema_muster_werkzeuge_05_cut_gray.jpg\"><img decoding=\"async\" width=\"800\" height=\"600\" data-id=\"525\" src=\"https:\/\/www.hapema-gmbh.de\/wp-content\/uploads\/hapema_muster_werkzeuge_05_cut_gray.jpg\" alt=\"\" class=\"wp-image-525\" srcset=\"https:\/\/www.hapema-gmbh.de\/wp-content\/uploads\/hapema_muster_werkzeuge_05_cut_gray.jpg 800w, https:\/\/www.hapema-gmbh.de\/wp-content\/uploads\/hapema_muster_werkzeuge_05_cut_gray-300x225.jpg 300w, https:\/\/www.hapema-gmbh.de\/wp-content\/uploads\/hapema_muster_werkzeuge_05_cut_gray-768x576.jpg 768w\" sizes=\"(max-width: 800px) 100vw, 800px\" \/><\/a><figcaption class=\"wp-element-caption\">Tool for single-stage manufacturing<\/figcaption><\/figure>\n<\/figure>\n\n\n\n<figure class=\"wp-block-image size-large custom-bg\"><img decoding=\"async\" width=\"1024\" height=\"399\" src=\"https:\/\/www.hapema-gmbh.de\/wp-content\/uploads\/ILLU_2-4_halle_50-1024x399.png\" alt=\"\" class=\"wp-image-205\" srcset=\"https:\/\/www.hapema-gmbh.de\/wp-content\/uploads\/ILLU_2-4_halle_50-1024x399.png 1024w, https:\/\/www.hapema-gmbh.de\/wp-content\/uploads\/ILLU_2-4_halle_50-300x117.png 300w, https:\/\/www.hapema-gmbh.de\/wp-content\/uploads\/ILLU_2-4_halle_50-768x300.png 768w, https:\/\/www.hapema-gmbh.de\/wp-content\/uploads\/ILLU_2-4_halle_50-1536x599.png 1536w, https:\/\/www.hapema-gmbh.de\/wp-content\/uploads\/ILLU_2-4_halle_50.png 1920w\" sizes=\"(max-width: 1024px) 100vw, 1024px\" \/><\/figure>","protected":false},"excerpt":{"rendered":"<p>Pr\u00e4zisions-Werkzeugbau hapema ist spezialisiert auf den Bau und die Montage von modularen Folgeverbundwerkzeugen. Wir realisieren auch h\u00f6chste Schwierigkeitsgrade, wie Werkzeuge f\u00fcr diverse Einpresszonen, Werkzeuge f\u00fcr die Verarbeitung von Bondmaterialien (Trockenl\u00e4ufer) oder die Zuf\u00fchrung von Kontaktnieten oder separaten Teilen. Unsere interne Konstruktionsabteilung entwickelt Werkzeuge, die aus \u00fcber 1.500 Einzelteilen bestehen k\u00f6nnen, sowohl f\u00fcr unsere eigene Produktion [&hellip;]<\/p>\n","protected":false},"author":7,"featured_media":0,"parent":0,"menu_order":0,"comment_status":"closed","ping_status":"closed","template":"","meta":{"footnotes":""},"class_list":["post-67","page","type-page","status-publish","hentry","post"],"_links":{"self":[{"href":"https:\/\/www.hapema-gmbh.de\/en\/wp-json\/wp\/v2\/pages\/67","targetHints":{"allow":["GET"]}}],"collection":[{"href":"https:\/\/www.hapema-gmbh.de\/en\/wp-json\/wp\/v2\/pages"}],"about":[{"href":"https:\/\/www.hapema-gmbh.de\/en\/wp-json\/wp\/v2\/types\/page"}],"author":[{"embeddable":true,"href":"https:\/\/www.hapema-gmbh.de\/en\/wp-json\/wp\/v2\/users\/7"}],"replies":[{"embeddable":true,"href":"https:\/\/www.hapema-gmbh.de\/en\/wp-json\/wp\/v2\/comments?post=67"}],"version-history":[{"count":21,"href":"https:\/\/www.hapema-gmbh.de\/en\/wp-json\/wp\/v2\/pages\/67\/revisions"}],"predecessor-version":[{"id":10494,"href":"https:\/\/www.hapema-gmbh.de\/en\/wp-json\/wp\/v2\/pages\/67\/revisions\/10494"}],"wp:attachment":[{"href":"https:\/\/www.hapema-gmbh.de\/en\/wp-json\/wp\/v2\/media?parent=67"}],"curies":[{"name":"wp","href":"https:\/\/api.w.org\/{rel}","templated":true}]}}