{"id":63,"date":"2022-03-19T15:32:06","date_gmt":"2022-03-19T14:32:06","guid":{"rendered":"https:\/\/www.hapema-gmbh.de\/?page_id=63"},"modified":"2025-03-17T11:47:47","modified_gmt":"2025-03-17T10:47:47","slug":"praezisions-stanztechnik","status":"publish","type":"page","link":"https:\/\/www.hapema-gmbh.de\/en\/praezisions-stanztechnik\/","title":{"rendered":"Precision stamping technology"},"content":{"rendered":"<h1 class=\"leftshift-header wp-block-heading\">Precision\u00a0<strong>Stamping Technology<\/strong><\/h1>\n\n\n\n<div class=\"wp-block-columns is-layout-flex wp-container-core-columns-is-layout-9d6595d7 wp-block-columns-is-layout-flex\">\n<div class=\"wp-block-column is-layout-flow wp-block-column-is-layout-flow\" style=\"flex-basis:66.66%\">\n<p>Stamped parts, especially micro-stamped parts, demand the highest level of perfection, especially when it comes to the serial production of complex precision parts. These include, for example, stamped parts with a bondable surface or multi-part stamped parts where several parts are \"married\" in a one-step process.<\/p>\n\n\n\n<p>One prerequisite for this is our state-of-the-art machinery, which enables us to perform the most precise milling, precision grinding as well as wire eroding within the range of \u00b5m. We deploy the exclusive Japanese Yasda machine* to ensure results of the highest precision with High-Speed Cutting (HSC).<\/p>\n\n\n\n<p>*(hapema is one of only three manufacturers in Germany certified to use Yasda technology).<\/p>\n\n\n\n<p>Equipped with 8 Bruderer stamping presses, we produce stamped parts in multi-shift operation using strip thicknesses from 0.05 to 1.50 mm and a strip width of up to 200 mm with every standard material and surface:<\/p>\n\n\n\n<ul class=\"hp_bulletlist wp-block-list\"><li>Punched grid&nbsp;<\/li><li>Patented press-fit zones (e.g. EloPin\u00ae)<\/li><li>Micro-stamped parts<\/li><li>Punched grids with bondable surfaces (e.g. AlSi, NiNiP, Bond-Ni, Bond-Au, NiPdAu)<\/li><li>Punched grids with wire- or contact rivets<\/li><li>Socket contacts (stamped and rolled)<\/li><li>Multi-part stamped parts, e.g. main body of socket contact (several parts are \"married\" in a one-step process)<\/li><li>Drawn parts<\/li><li>Sample parts (stamped, laser-machined or eroded \u2013 bent with auxiliary tools)<\/li><\/ul>\n<\/div>\n\n\n\n<div class=\"wp-block-column is-layout-flow wp-block-column-is-layout-flow\" style=\"flex-basis:33.33%\"><div class=\"n2-section-smartslider fitvidsignore  n2_clear\" data-ssid=\"21\"><div id=\"n2-ss-21-align\" class=\"n2-ss-align\"><div class=\"n2-padding\"><div id=\"n2-ss-21\" data-creator=\"Smart Slider 3\" data-responsive=\"auto\" class=\"n2-ss-slider n2-ow n2-has-hover n2notransition  n2-ss-feature-post-bg-loader\">\n        <div class=\"n2-ss-slider-1 n2_ss__touch_element n2-ow\">\n            <div class=\"n2-ss-slider-2 n2-ow\">\n                                                <div class=\"n2-ss-slider-3 n2-ow\">\n\n                    <div class=\"n2-ss-slide-backgrounds n2-ow-all\"><div class=\"n2-ss-slide-background\" data-public-id=\"1\" data-mode=\"fill\"><div class=\"n2-ss-slide-background-image\" data-blur=\"0\" data-opacity=\"100\" data-x=\"50\" data-y=\"50\" data-alt=\"\" data-title=\"\"><picture class=\"skip-lazy\" data-skip-lazy=\"1\"><img decoding=\"async\" src=\"\/\/www.hapema-gmbh.de\/wp-content\/uploads\/hapema_k_11_0307-1.jpg\" alt=\"\" title=\"\" loading=\"lazy\" class=\"skip-lazy\" data-skip-lazy=\"1\"><\/picture><\/div><div data-color=\"RGBA(255,255,255,0)\" style=\"background-color: RGBA(255,255,255,0);\" class=\"n2-ss-slide-background-color\"><\/div><\/div><div class=\"n2-ss-slide-background\" data-public-id=\"2\" data-mode=\"fill\" aria-hidden=\"true\"><div class=\"n2-ss-slide-background-image\" data-blur=\"0\" data-opacity=\"100\" data-x=\"50\" data-y=\"50\" data-alt=\"\" data-title=\"\"><picture class=\"skip-lazy\" data-skip-lazy=\"1\"><img decoding=\"async\" src=\"\/\/www.hapema-gmbh.de\/wp-content\/uploads\/hapema_k_II_4_0586-1.jpg\" alt=\"\" title=\"\" loading=\"lazy\" class=\"skip-lazy\" data-skip-lazy=\"1\"><\/picture><\/div><div data-color=\"RGBA(255,255,255,0)\" style=\"background-color: RGBA(255,255,255,0);\" class=\"n2-ss-slide-background-color\"><\/div><\/div><div class=\"n2-ss-slide-background\" data-public-id=\"3\" data-mode=\"fill\" aria-hidden=\"true\"><div class=\"n2-ss-slide-background-image\" data-blur=\"0\" data-opacity=\"100\" data-x=\"50\" data-y=\"50\" data-alt=\"\" data-title=\"\"><picture class=\"skip-lazy\" data-skip-lazy=\"1\"><img decoding=\"async\" src=\"\/\/www.hapema-gmbh.de\/wp-content\/uploads\/hapema_k_II_12_0532.jpg\" alt=\"\" title=\"\" loading=\"lazy\" class=\"skip-lazy\" data-skip-lazy=\"1\"><\/picture><\/div><div data-color=\"RGBA(255,255,255,0)\" style=\"background-color: RGBA(255,255,255,0);\" class=\"n2-ss-slide-background-color\"><\/div><\/div><div class=\"n2-ss-slide-background\" data-public-id=\"4\" data-mode=\"fill\" aria-hidden=\"true\"><div class=\"n2-ss-slide-background-image\" data-blur=\"0\" data-opacity=\"100\" data-x=\"50\" data-y=\"50\" data-alt=\"\" data-title=\"\"><picture class=\"skip-lazy\" data-skip-lazy=\"1\"><img decoding=\"async\" src=\"\/\/www.hapema-gmbh.de\/wp-content\/uploads\/hapema_k_II_14_hap15054.jpg\" alt=\"\" title=\"\" loading=\"lazy\" class=\"skip-lazy\" data-skip-lazy=\"1\"><\/picture><\/div><div data-color=\"RGBA(255,255,255,0)\" style=\"background-color: RGBA(255,255,255,0);\" class=\"n2-ss-slide-background-color\"><\/div><\/div><div class=\"n2-ss-slide-background\" data-public-id=\"5\" data-mode=\"fill\" aria-hidden=\"true\"><div class=\"n2-ss-slide-background-image\" data-blur=\"0\" data-opacity=\"100\" data-x=\"50\" data-y=\"50\" data-alt=\"\" data-title=\"\"><picture class=\"skip-lazy\" data-skip-lazy=\"1\"><img decoding=\"async\" src=\"\/\/www.hapema-gmbh.de\/wp-content\/uploads\/hapema_k_II_15_hap15046.jpg\" alt=\"\" title=\"\" loading=\"lazy\" class=\"skip-lazy\" data-skip-lazy=\"1\"><\/picture><\/div><div data-color=\"RGBA(255,255,255,0)\" style=\"background-color: RGBA(255,255,255,0);\" class=\"n2-ss-slide-background-color\"><\/div><\/div><div class=\"n2-ss-slide-background\" data-public-id=\"6\" data-mode=\"fill\" aria-hidden=\"true\"><div class=\"n2-ss-slide-background-image\" data-blur=\"0\" data-opacity=\"100\" data-x=\"50\" data-y=\"50\" data-alt=\"\" data-title=\"\"><picture class=\"skip-lazy\" data-skip-lazy=\"1\"><img decoding=\"async\" src=\"\/\/www.hapema-gmbh.de\/wp-content\/uploads\/hapema_k_II_17_hap15039.jpg\" alt=\"\" title=\"\" loading=\"lazy\" class=\"skip-lazy\" data-skip-lazy=\"1\"><\/picture><\/div><div data-color=\"RGBA(255,255,255,0)\" style=\"background-color: RGBA(255,255,255,0);\" class=\"n2-ss-slide-background-color\"><\/div><\/div><\/div>                    <div class=\"n2-ss-slider-4 n2-ow\">\n                        <svg xmlns=\"http:\/\/www.w3.org\/2000\/svg\" viewbox=\"0 0 1200 900\" data-related-device=\"desktopPortrait\" class=\"n2-ow n2-ss-preserve-size n2-ss-preserve-size--slider n2-ss-slide-limiter\"><\/svg><div data-first=\"1\" data-slide-duration=\"0\" data-id=\"62\" data-slide-public-id=\"1\" data-title=\"hapema_k_11_0307\" data-lightbox-image=\"\/\/www.hapema-gmbh.de\/wp-content\/uploads\/hapema_k_11_0307-1.jpg\" data-lightbox-alt=\"\" class=\"n2-ss-slide n2-ow  n2-ss-slide-62\"><div role=\"note\" class=\"n2-ss-slide--focus\" tabindex=\"-1\">hapema_k_11_0307<\/div><div class=\"n2-ss-layers-container n2-ss-slide-limiter n2-ow\"><div class=\"n2-ss-layer n2-ow n-uc-cSLgk77c17eh\" data-sstype=\"slide\" data-pm=\"default\"><\/div><\/div><\/div><div data-slide-duration=\"0\" data-id=\"63\" data-slide-public-id=\"2\" aria-hidden=\"true\" data-title=\"hapema_k_II_4_0586\" data-lightbox-image=\"\/\/www.hapema-gmbh.de\/wp-content\/uploads\/hapema_k_II_4_0586-1.jpg\" data-lightbox-alt=\"\" class=\"n2-ss-slide n2-ow  n2-ss-slide-63\"><div role=\"note\" class=\"n2-ss-slide--focus\" tabindex=\"-1\">hapema_k_II_4_0586<\/div><div class=\"n2-ss-layers-container n2-ss-slide-limiter n2-ow\"><div class=\"n2-ss-layer n2-ow n-uc-YDwBXJD1J2Lm\" data-sstype=\"slide\" data-pm=\"default\"><\/div><\/div><\/div><div data-slide-duration=\"0\" data-id=\"64\" data-slide-public-id=\"3\" aria-hidden=\"true\" data-title=\"hapema_k_II_12_0532\" data-lightbox-image=\"\/\/www.hapema-gmbh.de\/wp-content\/uploads\/hapema_k_II_12_0532.jpg\" data-lightbox-alt=\"\" class=\"n2-ss-slide n2-ow  n2-ss-slide-64\"><div role=\"note\" class=\"n2-ss-slide--focus\" tabindex=\"-1\">hapema_k_II_12_0532<\/div><div class=\"n2-ss-layers-container n2-ss-slide-limiter n2-ow\"><div class=\"n2-ss-layer n2-ow n-uc-5oA976BcH7Ip\" data-sstype=\"slide\" data-pm=\"default\"><\/div><\/div><\/div><div data-slide-duration=\"0\" data-id=\"65\" data-slide-public-id=\"4\" aria-hidden=\"true\" data-title=\"hapema_k_II_14_hap15054\" data-lightbox-image=\"\/\/www.hapema-gmbh.de\/wp-content\/uploads\/hapema_k_II_14_hap15054.jpg\" data-lightbox-alt=\"\" class=\"n2-ss-slide n2-ow  n2-ss-slide-65\"><div role=\"note\" class=\"n2-ss-slide--focus\" tabindex=\"-1\">hapema_k_II_14_hap15054<\/div><div class=\"n2-ss-layers-container n2-ss-slide-limiter n2-ow\"><div class=\"n2-ss-layer n2-ow n-uc-vu976pQCxsZh\" data-sstype=\"slide\" data-pm=\"default\"><\/div><\/div><\/div><div data-slide-duration=\"0\" data-id=\"66\" data-slide-public-id=\"5\" aria-hidden=\"true\" data-title=\"hapema_k_II_15_hap15046\" data-lightbox-image=\"\/\/www.hapema-gmbh.de\/wp-content\/uploads\/hapema_k_II_15_hap15046.jpg\" data-lightbox-alt=\"\" class=\"n2-ss-slide n2-ow  n2-ss-slide-66\"><div role=\"note\" class=\"n2-ss-slide--focus\" tabindex=\"-1\">hapema_k_II_15_hap15046<\/div><div class=\"n2-ss-layers-container n2-ss-slide-limiter n2-ow\"><div class=\"n2-ss-layer n2-ow n-uc-dy1RkfJdgyLA\" data-sstype=\"slide\" data-pm=\"default\"><\/div><\/div><\/div><div data-slide-duration=\"0\" data-id=\"67\" data-slide-public-id=\"6\" aria-hidden=\"true\" data-title=\"hapema_k_II_17_hap15039\" data-lightbox-image=\"\/\/www.hapema-gmbh.de\/wp-content\/uploads\/hapema_k_II_17_hap15039.jpg\" data-lightbox-alt=\"\" class=\"n2-ss-slide n2-ow  n2-ss-slide-67\"><div role=\"note\" class=\"n2-ss-slide--focus\" tabindex=\"-1\">hapema_k_II_17_hap15039<\/div><div class=\"n2-ss-layers-container n2-ss-slide-limiter n2-ow\"><div class=\"n2-ss-layer n2-ow n-uc-9guqhOGKyRRJ\" data-sstype=\"slide\" data-pm=\"default\"><\/div><\/div><\/div>                    <\/div>\n\n                                    <\/div>\n            <\/div>\n        <\/div>\n        <\/div><ss3-loader><\/ss3-loader><\/div><\/div><div class=\"n2_clear\"><\/div><\/div><\/div>\n<\/div>\n\n\n\n<div class=\"wp-block-columns is-layout-flex wp-container-core-columns-is-layout-9d6595d7 wp-block-columns-is-layout-flex\">\n<div class=\"wp-block-column is-layout-flow wp-block-column-is-layout-flow\" style=\"flex-basis:66.66%\">\n<h2 class=\"hp_subline hp_sub_space wp-block-heading\"><strong>EloPin\u00ae by hapema<\/strong><\/h2>\n\n\n\n<p>Another great example of our precision performance is EloPin\u00ae, the most secure mechanical connector for printed circuit boards, which allows chipless press-fitting into a wide range of materials. The hapema EloPin\u00ae is suitable for a wide range of applications from the automotive industry to the telecommunications and medical technology sectors.<\/p>\n\n\n\n<p>This \"needle eye\" press-fit zone with its ultra-reliable connection properties places particularly high demands on manufacturing precision and can therefore only be produced by a handful of manufacturers.<\/p>\n<\/div>\n\n\n\n<div class=\"wp-block-column is-layout-flow wp-block-column-is-layout-flow\" style=\"flex-basis:33.33%\">\n<figure class=\"wp-block-image size-large hp_elopin\"><a href=\"https:\/\/www.hapema-gmbh.de\/wp-content\/uploads\/hapema_elopin_blue.jpg\"><img decoding=\"async\" width=\"1024\" height=\"768\" src=\"https:\/\/www.hapema-gmbh.de\/wp-content\/uploads\/hapema_elopin_blue-1024x768.jpg\" alt=\"\" class=\"wp-image-414\" srcset=\"https:\/\/www.hapema-gmbh.de\/wp-content\/uploads\/hapema_elopin_blue-1024x768.jpg 1024w, https:\/\/www.hapema-gmbh.de\/wp-content\/uploads\/hapema_elopin_blue-300x225.jpg 300w, https:\/\/www.hapema-gmbh.de\/wp-content\/uploads\/hapema_elopin_blue-768x576.jpg 768w, https:\/\/www.hapema-gmbh.de\/wp-content\/uploads\/hapema_elopin_blue.jpg 1200w\" sizes=\"(max-width: 1024px) 100vw, 1024px\" \/><\/a><\/figure>\n<\/div>\n<\/div>\n\n\n\n<h2 class=\"hp_subline hp_sub_space wp-block-heading\"><strong><strong>Just a few of our many products<\/strong><\/strong><\/h2>\n\n\n\n<figure class=\"wp-block-gallery has-nested-images columns-4 is-cropped custom-gallery wp-block-gallery-1 is-layout-flex wp-block-gallery-is-layout-flex\">\n<figure class=\"wp-block-image size-large\"><a href=\"https:\/\/www.hapema-gmbh.de\/wp-content\/uploads\/hapema_muster_stanztechnik_02.jpg\"><img decoding=\"async\" width=\"800\" height=\"600\" data-id=\"318\" src=\"https:\/\/www.hapema-gmbh.de\/wp-content\/uploads\/hapema_muster_stanztechnik_02.jpg\" alt=\"\" class=\"wp-image-318\" srcset=\"https:\/\/www.hapema-gmbh.de\/wp-content\/uploads\/hapema_muster_stanztechnik_02.jpg 800w, https:\/\/www.hapema-gmbh.de\/wp-content\/uploads\/hapema_muster_stanztechnik_02-300x225.jpg 300w, https:\/\/www.hapema-gmbh.de\/wp-content\/uploads\/hapema_muster_stanztechnik_02-768x576.jpg 768w\" sizes=\"(max-width: 800px) 100vw, 800px\" \/><\/a><figcaption>Punched grid<\/figcaption><\/figure>\n\n\n\n<figure class=\"wp-block-image size-large\"><a href=\"https:\/\/www.hapema-gmbh.de\/wp-content\/uploads\/hapema_muster_stanztechnik_03.jpg\"><img decoding=\"async\" width=\"800\" height=\"600\" data-id=\"319\" src=\"https:\/\/www.hapema-gmbh.de\/wp-content\/uploads\/hapema_muster_stanztechnik_03.jpg\" alt=\"\" class=\"wp-image-319\" srcset=\"https:\/\/www.hapema-gmbh.de\/wp-content\/uploads\/hapema_muster_stanztechnik_03.jpg 800w, https:\/\/www.hapema-gmbh.de\/wp-content\/uploads\/hapema_muster_stanztechnik_03-300x225.jpg 300w, https:\/\/www.hapema-gmbh.de\/wp-content\/uploads\/hapema_muster_stanztechnik_03-768x576.jpg 768w\" sizes=\"(max-width: 800px) 100vw, 800px\" \/><\/a><figcaption>Micro-stamped part (feed rate 0.8 mm)<\/figcaption><\/figure>\n\n\n\n<figure class=\"wp-block-image size-large\"><a href=\"https:\/\/www.hapema-gmbh.de\/wp-content\/uploads\/hapema_muster_stanztechnik_16.jpg\"><img decoding=\"async\" width=\"800\" height=\"600\" data-id=\"329\" src=\"https:\/\/www.hapema-gmbh.de\/wp-content\/uploads\/hapema_muster_stanztechnik_16.jpg\" alt=\"\" class=\"wp-image-329\" srcset=\"https:\/\/www.hapema-gmbh.de\/wp-content\/uploads\/hapema_muster_stanztechnik_16.jpg 800w, https:\/\/www.hapema-gmbh.de\/wp-content\/uploads\/hapema_muster_stanztechnik_16-300x225.jpg 300w, https:\/\/www.hapema-gmbh.de\/wp-content\/uploads\/hapema_muster_stanztechnik_16-768x576.jpg 768w\" sizes=\"(max-width: 800px) 100vw, 800px\" \/><\/a><figcaption>Single-stage manufacturing<\/figcaption><\/figure>\n\n\n\n<figure class=\"wp-block-image size-large\"><a href=\"https:\/\/www.hapema-gmbh.de\/wp-content\/uploads\/hapema_muster_stanztechnik_04.jpg\"><img decoding=\"async\" width=\"800\" height=\"600\" data-id=\"320\" src=\"https:\/\/www.hapema-gmbh.de\/wp-content\/uploads\/hapema_muster_stanztechnik_04.jpg\" alt=\"\" class=\"wp-image-320\" srcset=\"https:\/\/www.hapema-gmbh.de\/wp-content\/uploads\/hapema_muster_stanztechnik_04.jpg 800w, https:\/\/www.hapema-gmbh.de\/wp-content\/uploads\/hapema_muster_stanztechnik_04-300x225.jpg 300w, https:\/\/www.hapema-gmbh.de\/wp-content\/uploads\/hapema_muster_stanztechnik_04-768x576.jpg 768w\" sizes=\"(max-width: 800px) 100vw, 800px\" \/><\/a><figcaption>Silver-plated punched grid<\/figcaption><\/figure>\n\n\n\n<figure class=\"wp-block-image size-large\"><a href=\"https:\/\/www.hapema-gmbh.de\/wp-content\/uploads\/hapema_muster_stanztechnik_12.jpg\"><img decoding=\"async\" width=\"800\" height=\"600\" data-id=\"326\" src=\"https:\/\/www.hapema-gmbh.de\/wp-content\/uploads\/hapema_muster_stanztechnik_12.jpg\" alt=\"\" class=\"wp-image-326\" srcset=\"https:\/\/www.hapema-gmbh.de\/wp-content\/uploads\/hapema_muster_stanztechnik_12.jpg 800w, https:\/\/www.hapema-gmbh.de\/wp-content\/uploads\/hapema_muster_stanztechnik_12-300x225.jpg 300w, https:\/\/www.hapema-gmbh.de\/wp-content\/uploads\/hapema_muster_stanztechnik_12-768x576.jpg 768w\" sizes=\"(max-width: 800px) 100vw, 800px\" \/><\/a><figcaption>Punched grid with bondable surface<\/figcaption><\/figure>\n\n\n\n<figure class=\"wp-block-image size-large\"><a href=\"https:\/\/www.hapema-gmbh.de\/wp-content\/uploads\/hapema_muster_stanztechnik_07.jpg\"><img decoding=\"async\" width=\"800\" height=\"600\" data-id=\"322\" src=\"https:\/\/www.hapema-gmbh.de\/wp-content\/uploads\/hapema_muster_stanztechnik_07.jpg\" alt=\"\" class=\"wp-image-322\" srcset=\"https:\/\/www.hapema-gmbh.de\/wp-content\/uploads\/hapema_muster_stanztechnik_07.jpg 800w, https:\/\/www.hapema-gmbh.de\/wp-content\/uploads\/hapema_muster_stanztechnik_07-300x225.jpg 300w, https:\/\/www.hapema-gmbh.de\/wp-content\/uploads\/hapema_muster_stanztechnik_07-768x576.jpg 768w\" sizes=\"(max-width: 800px) 100vw, 800px\" \/><\/a><figcaption>Stamped-bent contacts with bondable surface<\/figcaption><\/figure>\n\n\n\n<figure class=\"wp-block-image size-large\"><a href=\"https:\/\/www.hapema-gmbh.de\/wp-content\/uploads\/hapema_muster_stanztechnik_08.jpg\"><img decoding=\"async\" width=\"800\" height=\"600\" data-id=\"323\" src=\"https:\/\/www.hapema-gmbh.de\/wp-content\/uploads\/hapema_muster_stanztechnik_08.jpg\" alt=\"\" class=\"wp-image-323\" srcset=\"https:\/\/www.hapema-gmbh.de\/wp-content\/uploads\/hapema_muster_stanztechnik_08.jpg 800w, https:\/\/www.hapema-gmbh.de\/wp-content\/uploads\/hapema_muster_stanztechnik_08-300x225.jpg 300w, https:\/\/www.hapema-gmbh.de\/wp-content\/uploads\/hapema_muster_stanztechnik_08-768x576.jpg 768w\" sizes=\"(max-width: 800px) 100vw, 800px\" \/><\/a><figcaption>Contacting ring<\/figcaption><\/figure>\n\n\n\n<figure class=\"wp-block-image size-large\"><a href=\"https:\/\/www.hapema-gmbh.de\/wp-content\/uploads\/hapema_muster_stanztechnik_09.jpg\"><img decoding=\"async\" width=\"800\" height=\"600\" data-id=\"324\" src=\"https:\/\/www.hapema-gmbh.de\/wp-content\/uploads\/hapema_muster_stanztechnik_09.jpg\" alt=\"\" class=\"wp-image-324\" srcset=\"https:\/\/www.hapema-gmbh.de\/wp-content\/uploads\/hapema_muster_stanztechnik_09.jpg 800w, https:\/\/www.hapema-gmbh.de\/wp-content\/uploads\/hapema_muster_stanztechnik_09-300x225.jpg 300w, https:\/\/www.hapema-gmbh.de\/wp-content\/uploads\/hapema_muster_stanztechnik_09-768x576.jpg 768w\" sizes=\"(max-width: 800px) 100vw, 800px\" \/><\/a><figcaption>Stamped parts made of stainless steel<\/figcaption><\/figure>\n\n\n\n<figure class=\"wp-block-image size-large\"><a href=\"https:\/\/www.hapema-gmbh.de\/wp-content\/uploads\/hapema_muster_stanztechnik_11.jpg\"><img decoding=\"async\" width=\"800\" height=\"600\" data-id=\"325\" src=\"https:\/\/www.hapema-gmbh.de\/wp-content\/uploads\/hapema_muster_stanztechnik_11.jpg\" alt=\"\" class=\"wp-image-325\" srcset=\"https:\/\/www.hapema-gmbh.de\/wp-content\/uploads\/hapema_muster_stanztechnik_11.jpg 800w, https:\/\/www.hapema-gmbh.de\/wp-content\/uploads\/hapema_muster_stanztechnik_11-300x225.jpg 300w, https:\/\/www.hapema-gmbh.de\/wp-content\/uploads\/hapema_muster_stanztechnik_11-768x576.jpg 768w\" sizes=\"(max-width: 800px) 100vw, 800px\" \/><\/a><figcaption>Contact springs with silver contact rivet<\/figcaption><\/figure>\n\n\n\n<figure class=\"wp-block-image size-large\"><a href=\"https:\/\/www.hapema-gmbh.de\/wp-content\/uploads\/hapema_muster_stanztechnik_13.jpg\"><img decoding=\"async\" width=\"800\" height=\"600\" data-id=\"327\" src=\"https:\/\/www.hapema-gmbh.de\/wp-content\/uploads\/hapema_muster_stanztechnik_13.jpg\" alt=\"\" class=\"wp-image-327\" srcset=\"https:\/\/www.hapema-gmbh.de\/wp-content\/uploads\/hapema_muster_stanztechnik_13.jpg 800w, https:\/\/www.hapema-gmbh.de\/wp-content\/uploads\/hapema_muster_stanztechnik_13-300x225.jpg 300w, https:\/\/www.hapema-gmbh.de\/wp-content\/uploads\/hapema_muster_stanztechnik_13-768x576.jpg 768w\" sizes=\"(max-width: 800px) 100vw, 800px\" \/><\/a><figcaption>Gold-plated flat connector<\/figcaption><\/figure>\n\n\n\n<figure class=\"wp-block-image size-large\"><a href=\"https:\/\/www.hapema-gmbh.de\/wp-content\/uploads\/hapema_muster_stanztechnik_15.jpg\"><img decoding=\"async\" width=\"800\" height=\"600\" data-id=\"328\" src=\"https:\/\/www.hapema-gmbh.de\/wp-content\/uploads\/hapema_muster_stanztechnik_15.jpg\" alt=\"\" class=\"wp-image-328\" srcset=\"https:\/\/www.hapema-gmbh.de\/wp-content\/uploads\/hapema_muster_stanztechnik_15.jpg 800w, https:\/\/www.hapema-gmbh.de\/wp-content\/uploads\/hapema_muster_stanztechnik_15-300x225.jpg 300w, https:\/\/www.hapema-gmbh.de\/wp-content\/uploads\/hapema_muster_stanztechnik_15-768x576.jpg 768w\" sizes=\"(max-width: 800px) 100vw, 800px\" \/><\/a><figcaption>Complex punched grid (max. width 200 mm)<\/figcaption><\/figure>\n\n\n\n<figure class=\"wp-block-image size-large\"><a href=\"https:\/\/www.hapema-gmbh.de\/wp-content\/uploads\/hapema_muster_stanztechnik_17.jpg\"><img decoding=\"async\" width=\"800\" height=\"600\" data-id=\"330\" src=\"https:\/\/www.hapema-gmbh.de\/wp-content\/uploads\/hapema_muster_stanztechnik_17.jpg\" alt=\"\" class=\"wp-image-330\" srcset=\"https:\/\/www.hapema-gmbh.de\/wp-content\/uploads\/hapema_muster_stanztechnik_17.jpg 800w, https:\/\/www.hapema-gmbh.de\/wp-content\/uploads\/hapema_muster_stanztechnik_17-300x225.jpg 300w, https:\/\/www.hapema-gmbh.de\/wp-content\/uploads\/hapema_muster_stanztechnik_17-768x576.jpg 768w\" sizes=\"(max-width: 800px) 100vw, 800px\" \/><\/a><figcaption>EloPin\u00ae press-fit zones<\/figcaption><\/figure>\n<\/figure>\n\n\n\n<figure class=\"wp-block-image size-large custom-bg\"><img decoding=\"async\" width=\"1024\" height=\"592\" src=\"https:\/\/www.hapema-gmbh.de\/wp-content\/uploads\/illu_stanzteil2-1024x592.png\" alt=\"\" class=\"wp-image-460\" srcset=\"https:\/\/www.hapema-gmbh.de\/wp-content\/uploads\/illu_stanzteil2-1024x592.png 1024w, https:\/\/www.hapema-gmbh.de\/wp-content\/uploads\/illu_stanzteil2-300x173.png 300w, https:\/\/www.hapema-gmbh.de\/wp-content\/uploads\/illu_stanzteil2-768x444.png 768w, https:\/\/www.hapema-gmbh.de\/wp-content\/uploads\/illu_stanzteil2-1536x888.png 1536w, https:\/\/www.hapema-gmbh.de\/wp-content\/uploads\/illu_stanzteil2.png 1920w\" sizes=\"(max-width: 1024px) 100vw, 1024px\" \/><\/figure>","protected":false},"excerpt":{"rendered":"<p>Pr\u00e4zisions-Stanztechnik Stanzteile, vor allem Mikrostanzteile, verlangen nach h\u00f6chster Perfektion, besonders wenn es um die Serienfertigung komplexer Pr\u00e4zisionsteile geht. Wie zum Beispiel auch Stanzteile mit Bondoberfl\u00e4che&nbsp;oder Mehrkomponenten-Stanzteile, bei denen mehrere Teile in einem Prozessschritt \u201everheiratet\u201c werden. Eine Voraussetzung daf\u00fcr ist unser modernster Maschinenpark, der genauestes Fr\u00e4sen, Pr\u00e4zisionsschleifen sowie Drahterodieren im \u00b5m-Bereich erm\u00f6glicht. Der Einsatz der exklusiven [&hellip;]<\/p>\n","protected":false},"author":7,"featured_media":0,"parent":0,"menu_order":0,"comment_status":"closed","ping_status":"closed","template":"","meta":{"footnotes":""},"class_list":["post-63","page","type-page","status-publish","hentry","post"],"_links":{"self":[{"href":"https:\/\/www.hapema-gmbh.de\/en\/wp-json\/wp\/v2\/pages\/63","targetHints":{"allow":["GET"]}}],"collection":[{"href":"https:\/\/www.hapema-gmbh.de\/en\/wp-json\/wp\/v2\/pages"}],"about":[{"href":"https:\/\/www.hapema-gmbh.de\/en\/wp-json\/wp\/v2\/types\/page"}],"author":[{"embeddable":true,"href":"https:\/\/www.hapema-gmbh.de\/en\/wp-json\/wp\/v2\/users\/7"}],"replies":[{"embeddable":true,"href":"https:\/\/www.hapema-gmbh.de\/en\/wp-json\/wp\/v2\/comments?post=63"}],"version-history":[{"count":25,"href":"https:\/\/www.hapema-gmbh.de\/en\/wp-json\/wp\/v2\/pages\/63\/revisions"}],"predecessor-version":[{"id":581,"href":"https:\/\/www.hapema-gmbh.de\/en\/wp-json\/wp\/v2\/pages\/63\/revisions\/581"}],"wp:attachment":[{"href":"https:\/\/www.hapema-gmbh.de\/en\/wp-json\/wp\/v2\/media?parent=63"}],"curies":[{"name":"wp","href":"https:\/\/api.w.org\/{rel}","templated":true}]}}