{"id":61,"date":"2022-03-19T15:31:40","date_gmt":"2022-03-19T14:31:40","guid":{"rendered":"https:\/\/www.hapema-gmbh.de\/?page_id=61"},"modified":"2025-03-17T11:50:39","modified_gmt":"2025-03-17T10:50:39","slug":"leistungs-uebersicht","status":"publish","type":"page","link":"https:\/\/www.hapema-gmbh.de\/en\/leistungs-uebersicht\/","title":{"rendered":"hapema macht&#8230;"},"content":{"rendered":"<h1 class=\"leftshift-header wp-block-heading\">hapema <strong>makes<\/strong> &#8230;<\/h1>\n\n\n\n<p class=\"hp_content_copy\">hapema stands for the production of high-quality precision stamped parts and precision tools, as well as for the reliable supply of premium spare and wear parts.<\/p>\n\n\n\n<h2 class=\"hp_subline hp_sub_space wp-block-heading\">Our four main service categories in detail:<\/h2>\n\n\n\n<div class=\"wp-block-columns is-layout-flex wp-container-core-columns-is-layout-9d6595d7 wp-block-columns-is-layout-flex\">\n<div class=\"wp-block-column is-layout-flow wp-block-column-is-layout-flow\" style=\"flex-basis:0px\"><\/div>\n\n\n\n<div class=\"wp-block-column is-layout-flow wp-block-column-is-layout-flow\" style=\"flex-basis:60%\">\n<p> <\/p>\n\n\n\n<div class=\"wp-block-columns is-layout-flex wp-container-core-columns-is-layout-9d6595d7 wp-block-columns-is-layout-flex\">\n<div class=\"wp-block-column is-layout-flow wp-block-column-is-layout-flow\">\n<figure class=\"wp-block-image size-full hovergray\"><a href=\"https:\/\/www.hapema-gmbh.de\/en\/praezisions-stanztechnik\/\"><img decoding=\"async\" width=\"800\" height=\"600\" src=\"https:\/\/www.hapema-gmbh.de\/wp-content\/uploads\/01_b-stanz.jpg\" alt=\"\" class=\"wp-image-114\" srcset=\"https:\/\/www.hapema-gmbh.de\/wp-content\/uploads\/01_b-stanz.jpg 800w, https:\/\/www.hapema-gmbh.de\/wp-content\/uploads\/01_b-stanz-300x225.jpg 300w, https:\/\/www.hapema-gmbh.de\/wp-content\/uploads\/01_b-stanz-768x576.jpg 768w\" sizes=\"(max-width: 800px) 100vw, 800px\" \/><\/a><figcaption>Precision stamping technology<\/figcaption><\/figure>\n\n\n\n<figure class=\"wp-block-image size-full hovergray\"><a href=\"https:\/\/www.hapema-gmbh.de\/en\/praezisions-werkzeugbau\/\"><img decoding=\"async\" width=\"800\" height=\"600\" src=\"https:\/\/www.hapema-gmbh.de\/wp-content\/uploads\/03_b-werkzeug.jpg\" alt=\"\" class=\"wp-image-115\" srcset=\"https:\/\/www.hapema-gmbh.de\/wp-content\/uploads\/03_b-werkzeug.jpg 800w, https:\/\/www.hapema-gmbh.de\/wp-content\/uploads\/03_b-werkzeug-300x225.jpg 300w, https:\/\/www.hapema-gmbh.de\/wp-content\/uploads\/03_b-werkzeug-768x576.jpg 768w\" sizes=\"(max-width: 800px) 100vw, 800px\" \/><\/a><figcaption>Precision Tool Making<\/figcaption><\/figure>\n<\/div>\n\n\n\n<div class=\"wp-block-column is-layout-flow wp-block-column-is-layout-flow\">\n<figure class=\"wp-block-image size-full hovergray\"><a href=\"https:\/\/www.hapema-gmbh.de\/en\/muster-bau-teilfertigung\/\"><img decoding=\"async\" width=\"800\" height=\"600\" src=\"https:\/\/www.hapema-gmbh.de\/wp-content\/uploads\/02_b-muster.jpg\" alt=\"\" class=\"wp-image-113\" srcset=\"https:\/\/www.hapema-gmbh.de\/wp-content\/uploads\/02_b-muster.jpg 800w, https:\/\/www.hapema-gmbh.de\/wp-content\/uploads\/02_b-muster-300x225.jpg 300w, https:\/\/www.hapema-gmbh.de\/wp-content\/uploads\/02_b-muster-768x576.jpg 768w\" sizes=\"(max-width: 800px) 100vw, 800px\" \/><\/a><figcaption>Prototype fabrication<\/figcaption><\/figure>\n\n\n\n<figure class=\"wp-block-image size-full hovergray\"><a href=\"https:\/\/www.hapema-gmbh.de\/en\/ersatz-verschleissteile\/\"><img decoding=\"async\" width=\"800\" height=\"600\" src=\"https:\/\/www.hapema-gmbh.de\/wp-content\/uploads\/04_b-ersatz.jpg\" alt=\"\" class=\"wp-image-112\" srcset=\"https:\/\/www.hapema-gmbh.de\/wp-content\/uploads\/04_b-ersatz.jpg 800w, https:\/\/www.hapema-gmbh.de\/wp-content\/uploads\/04_b-ersatz-300x225.jpg 300w, https:\/\/www.hapema-gmbh.de\/wp-content\/uploads\/04_b-ersatz-768x576.jpg 768w\" sizes=\"(max-width: 800px) 100vw, 800px\" \/><\/a><figcaption>Spare and wear parts<\/figcaption><\/figure>\n<\/div>\n<\/div>\n<\/div>\n\n\n\n<div class=\"wp-block-column is-layout-flow wp-block-column-is-layout-flow\" style=\"flex-basis:40%\"><\/div>\n<\/div>","protected":false},"excerpt":{"rendered":"<p>hapema macht &#8230; hapema steht f\u00fcr die hochwertige Produktion von Pr\u00e4zisions-Stanzteilen und Pr\u00e4zisions-Werkzeugen, sowie f\u00fcr die zuverl\u00e4ssige Lieferung erstklassiger Ersatz- und Verschlei\u00dfteile. Hier unsere vier zentralen Leistungsbereiche im Detail:<\/p>","protected":false},"author":7,"featured_media":0,"parent":0,"menu_order":0,"comment_status":"closed","ping_status":"closed","template":"","meta":{"footnotes":""},"class_list":["post-61","page","type-page","status-publish","hentry","post"],"_links":{"self":[{"href":"https:\/\/www.hapema-gmbh.de\/en\/wp-json\/wp\/v2\/pages\/61","targetHints":{"allow":["GET"]}}],"collection":[{"href":"https:\/\/www.hapema-gmbh.de\/en\/wp-json\/wp\/v2\/pages"}],"about":[{"href":"https:\/\/www.hapema-gmbh.de\/en\/wp-json\/wp\/v2\/types\/page"}],"author":[{"embeddable":true,"href":"https:\/\/www.hapema-gmbh.de\/en\/wp-json\/wp\/v2\/users\/7"}],"replies":[{"embeddable":true,"href":"https:\/\/www.hapema-gmbh.de\/en\/wp-json\/wp\/v2\/comments?post=61"}],"version-history":[{"count":14,"href":"https:\/\/www.hapema-gmbh.de\/en\/wp-json\/wp\/v2\/pages\/61\/revisions"}],"predecessor-version":[{"id":596,"href":"https:\/\/www.hapema-gmbh.de\/en\/wp-json\/wp\/v2\/pages\/61\/revisions\/596"}],"wp:attachment":[{"href":"https:\/\/www.hapema-gmbh.de\/en\/wp-json\/wp\/v2\/media?parent=61"}],"curies":[{"name":"wp","href":"https:\/\/api.w.org\/{rel}","templated":true}]}}