{"id":57,"date":"2022-03-19T15:30:58","date_gmt":"2022-03-19T14:30:58","guid":{"rendered":"https:\/\/www.hapema-gmbh.de\/?page_id=57"},"modified":"2025-03-17T11:43:50","modified_gmt":"2025-03-17T10:43:50","slug":"qualitaet-und-praezision","status":"publish","type":"page","link":"https:\/\/www.hapema-gmbh.de\/en\/qualitaet-und-praezision\/","title":{"rendered":"Quality and Precision"},"content":{"rendered":"<h1 class=\"leftshift-header wp-block-heading\"><strong>Quality<\/strong> and <strong>Precision<\/strong><\/h1>\n\n\n\n<div class=\"wp-block-columns is-layout-flex wp-container-core-columns-is-layout-9d6595d7 wp-block-columns-is-layout-flex\">\n<div class=\"wp-block-column is-layout-flow wp-block-column-is-layout-flow\" style=\"flex-basis:66.66%\">\n<p>When it comes to the selection and the processing of our materials, we focus on quality.<\/p>\n\n\n\n<p>The basis of hapema's renowned precision is our state-of-the-art machinery and exceptionally clean and high-quality production infrastructure.<\/p>\n\n\n\n<p>The implementation of a quality management system with an innovative digital process landscape is a prerequisite for our high standard of quality. Our production monitoring, which deploys innovative camera systems and measuring machines, is supported by cross-divisional quality assurance software.<\/p>\n\n\n\n<p>Because our value-added process takes place in-house and our decision-making and communication channels to colleagues and clients are so short, we can guarantee optimal planning and deadline reliability.<\/p>\n\n\n\n<p>This claim is underlined by our certification in accordance with IATF 16949, ISO 9001:2015 and ISO 14001:2015.<\/p>\n\n\n\n<h2 class=\"hp_subline hp_sub_space wp-block-heading\"><strong>The hapema Quality Guarantee<\/strong><\/h2>\n\n\n\n<ul class=\"hp_bulletlist wp-block-list\"><li>Innovative digital process landscape that ensures high quality standards<\/li><li>Sampling according to PPAP or VDA<\/li><li>Production monitoring with innovative camera systems, measuring machines and force gauges for quality control of geometry and surfaces<\/li><li>Cross-divisional CAQ quality assurance software (iqs)&nbsp;<\/li><li>Micrograph technology available in-house<\/li><li>Strict adherence to our high in-house occupational safety standards and environmental guidelines<\/li><\/ul>\n<\/div>\n\n\n\n<div class=\"wp-block-column is-layout-flow wp-block-column-is-layout-flow\" style=\"flex-basis:33.33%\">\n<figure class=\"wp-block-image size-large\"><img decoding=\"async\" width=\"1024\" height=\"768\" src=\"https:\/\/www.hapema-gmbh.de\/wp-content\/uploads\/hapema_k_11_0307-1024x768.jpg\" alt=\"\" class=\"wp-image-153\" srcset=\"https:\/\/www.hapema-gmbh.de\/wp-content\/uploads\/hapema_k_11_0307-1024x768.jpg 1024w, https:\/\/www.hapema-gmbh.de\/wp-content\/uploads\/hapema_k_11_0307-300x225.jpg 300w, https:\/\/www.hapema-gmbh.de\/wp-content\/uploads\/hapema_k_11_0307-768x576.jpg 768w, https:\/\/www.hapema-gmbh.de\/wp-content\/uploads\/hapema_k_11_0307.jpg 1200w\" sizes=\"(max-width: 1024px) 100vw, 1024px\" \/><\/figure>\n\n\n\n<figure class=\"wp-block-image size-large\"><a href=\"https:\/\/www.hapema-gmbh.de\/en\/downloads\/\" target=\"_blank\" rel=\"noopener\"><img decoding=\"async\" width=\"1024\" height=\"768\" src=\"https:\/\/www.hapema-gmbh.de\/wp-content\/uploads\/hapema_k_II_zertifikate-1024x768.jpg\" alt=\"\" class=\"wp-image-154\" srcset=\"https:\/\/www.hapema-gmbh.de\/wp-content\/uploads\/hapema_k_II_zertifikate-1024x768.jpg 1024w, https:\/\/www.hapema-gmbh.de\/wp-content\/uploads\/hapema_k_II_zertifikate-300x225.jpg 300w, https:\/\/www.hapema-gmbh.de\/wp-content\/uploads\/hapema_k_II_zertifikate-768x576.jpg 768w, https:\/\/www.hapema-gmbh.de\/wp-content\/uploads\/hapema_k_II_zertifikate.jpg 1200w\" sizes=\"(max-width: 1024px) 100vw, 1024px\" \/><\/a><\/figure>\n<\/div>\n<\/div>\n\n\n\n<figure class=\"wp-block-image size-large custom-bg\"><img decoding=\"async\" width=\"1024\" height=\"481\" src=\"https:\/\/www.hapema-gmbh.de\/wp-content\/uploads\/ILLU_1-2_hap15002_einstufenteil_50_s-1024x481.png\" alt=\"\" class=\"wp-image-207\" srcset=\"https:\/\/www.hapema-gmbh.de\/wp-content\/uploads\/ILLU_1-2_hap15002_einstufenteil_50_s-1024x481.png 1024w, https:\/\/www.hapema-gmbh.de\/wp-content\/uploads\/ILLU_1-2_hap15002_einstufenteil_50_s-300x141.png 300w, https:\/\/www.hapema-gmbh.de\/wp-content\/uploads\/ILLU_1-2_hap15002_einstufenteil_50_s-768x360.png 768w, https:\/\/www.hapema-gmbh.de\/wp-content\/uploads\/ILLU_1-2_hap15002_einstufenteil_50_s-1536x721.png 1536w, https:\/\/www.hapema-gmbh.de\/wp-content\/uploads\/ILLU_1-2_hap15002_einstufenteil_50_s.png 1920w\" sizes=\"(max-width: 1024px) 100vw, 1024px\" \/><\/figure>","protected":false},"excerpt":{"rendered":"<p>Qualit\u00e4t und Pr\u00e4zision Wir setzen bei der Auswahl und Verarbeitung unserer Materialien auf h\u00f6chste Qualit\u00e4t. Die sprichw\u00f6rtliche hapema Pr\u00e4zision baut auf unseren modernsten Maschinenpark sowie auf unsere besonders saubere und hochwertige Produktions-Infrastruktur. Voraussetzung zur Sicherung des hohen Qualit\u00e4tsstandards ist ein Qualit\u00e4tsmanagement mit neuheitlicher digitaler Prozesslandschaft. Die Produktions\u00fcberwachung mit innovativen Kamerasystemen und Messmaschinen wird unterst\u00fctzt durch [&hellip;]<\/p>\n","protected":false},"author":7,"featured_media":0,"parent":0,"menu_order":0,"comment_status":"closed","ping_status":"closed","template":"","meta":{"footnotes":""},"class_list":["post-57","page","type-page","status-publish","hentry","post"],"_links":{"self":[{"href":"https:\/\/www.hapema-gmbh.de\/en\/wp-json\/wp\/v2\/pages\/57","targetHints":{"allow":["GET"]}}],"collection":[{"href":"https:\/\/www.hapema-gmbh.de\/en\/wp-json\/wp\/v2\/pages"}],"about":[{"href":"https:\/\/www.hapema-gmbh.de\/en\/wp-json\/wp\/v2\/types\/page"}],"author":[{"embeddable":true,"href":"https:\/\/www.hapema-gmbh.de\/en\/wp-json\/wp\/v2\/users\/7"}],"replies":[{"embeddable":true,"href":"https:\/\/www.hapema-gmbh.de\/en\/wp-json\/wp\/v2\/comments?post=57"}],"version-history":[{"count":11,"href":"https:\/\/www.hapema-gmbh.de\/en\/wp-json\/wp\/v2\/pages\/57\/revisions"}],"predecessor-version":[{"id":587,"href":"https:\/\/www.hapema-gmbh.de\/en\/wp-json\/wp\/v2\/pages\/57\/revisions\/587"}],"wp:attachment":[{"href":"https:\/\/www.hapema-gmbh.de\/en\/wp-json\/wp\/v2\/media?parent=57"}],"curies":[{"name":"wp","href":"https:\/\/api.w.org\/{rel}","templated":true}]}}