{"id":55,"date":"2022-03-19T15:30:37","date_gmt":"2022-03-19T14:30:37","guid":{"rendered":"https:\/\/www.hapema-gmbh.de\/?page_id=55"},"modified":"2025-03-17T11:13:00","modified_gmt":"2025-03-17T10:13:00","slug":"hapema-ist","status":"publish","type":"page","link":"https:\/\/www.hapema-gmbh.de\/en\/hapema-ist\/","title":{"rendered":"hapema ist &#8230;"},"content":{"rendered":"<h1 class=\"leftshift-header wp-block-heading\">hapema <strong>is<\/strong> &#8230;<\/h1>\n\n\n\n<div class=\"wp-block-columns is-layout-flex wp-container-core-columns-is-layout-9d6595d7 wp-block-columns-is-layout-flex\">\n<div class=\"wp-block-column is-layout-flow wp-block-column-is-layout-flow\" style=\"flex-basis:66.66%\">\n<p>hapema is a mid-sized company in a highly-specialised metalworking field that has established an outstanding market position during the course of its history of over thirty years.<\/p>\n\n\n\n<p>Our core business areas of precision stamping technology and precision toolmaking generate steady demand from established companies in the automotive, electrical engineering and electronics industries. An ever-increasing number of customers from the highly demanding medical technology sector also relies on hapema's expertise.&nbsp;<\/p>\n\n\n\n<p>We provide our most demanding customers with innovative solutions, leveraging state-of-the-art technology and a machine park that is unique within our industry. We offer first-class precision parts and innovative products that are as much about technological perfection as they are about cost efficiency.<\/p>\n\n\n\n<p>The fabrication of sample parts and prototypes for stamping applications as well as the production of spare and wear parts as a contract manufacturer complete hapema\u2019s exclusive and versatile range of services.<\/p>\n\n\n\n<p>At our factory, which covers an area of more than 7,000 square metres, our team of around 80 experienced and highly-skilled employees produces the masterpieces of precision engineering that the hapema brand stands for.<\/p>\n<\/div>\n\n\n\n<div class=\"wp-block-column is-layout-flow wp-block-column-is-layout-flow\" style=\"flex-basis:33.33%\"><div class=\"n2-section-smartslider fitvidsignore  n2_clear\" data-ssid=\"17\"><div id=\"n2-ss-17-align\" class=\"n2-ss-align\"><div class=\"n2-padding\"><div id=\"n2-ss-17\" data-creator=\"Smart Slider 3\" data-responsive=\"auto\" class=\"n2-ss-slider n2-ow n2-has-hover n2notransition  n2-ss-feature-post-bg-loader\">\n        <div class=\"n2-ss-slider-1 n2_ss__touch_element n2-ow\">\n            <div class=\"n2-ss-slider-2 n2-ow\">\n                                                <div class=\"n2-ss-slider-3 n2-ow\">\n\n                    <div class=\"n2-ss-slide-backgrounds n2-ow-all\"><div class=\"n2-ss-slide-background\" data-public-id=\"1\" data-mode=\"fill\"><div class=\"n2-ss-slide-background-image\" data-blur=\"0\" data-opacity=\"100\" data-x=\"50\" data-y=\"50\" data-alt=\"\" data-title=\"\"><picture class=\"skip-lazy\" data-skip-lazy=\"1\"><img decoding=\"async\" src=\"\/\/www.hapema-gmbh.de\/wp-content\/uploads\/hapema_k_01_0287.jpg\" alt=\"\" title=\"\" loading=\"lazy\" class=\"skip-lazy\" data-skip-lazy=\"1\"><\/picture><\/div><div data-color=\"RGBA(255,255,255,0)\" style=\"background-color: RGBA(255,255,255,0);\" class=\"n2-ss-slide-background-color\"><\/div><\/div><div class=\"n2-ss-slide-background\" data-public-id=\"2\" data-mode=\"fill\" aria-hidden=\"true\"><div class=\"n2-ss-slide-background-image\" data-blur=\"0\" data-opacity=\"100\" data-x=\"50\" data-y=\"50\" data-alt=\"\" data-title=\"\"><picture class=\"skip-lazy\" data-skip-lazy=\"1\"><img decoding=\"async\" src=\"\/\/www.hapema-gmbh.de\/wp-content\/uploads\/hapema_k_02_0033.jpg\" alt=\"\" title=\"\" loading=\"lazy\" class=\"skip-lazy\" data-skip-lazy=\"1\"><\/picture><\/div><div data-color=\"RGBA(255,255,255,0)\" style=\"background-color: RGBA(255,255,255,0);\" class=\"n2-ss-slide-background-color\"><\/div><\/div><div class=\"n2-ss-slide-background\" data-public-id=\"3\" data-mode=\"fill\" aria-hidden=\"true\"><div class=\"n2-ss-slide-background-image\" data-blur=\"0\" data-opacity=\"100\" data-x=\"50\" data-y=\"50\" data-alt=\"\" data-title=\"\"><picture class=\"skip-lazy\" data-skip-lazy=\"1\"><img decoding=\"async\" src=\"\/\/www.hapema-gmbh.de\/wp-content\/uploads\/hapema_k_12_0495.jpg\" alt=\"\" title=\"\" loading=\"lazy\" class=\"skip-lazy\" data-skip-lazy=\"1\"><\/picture><\/div><div data-color=\"RGBA(255,255,255,0)\" style=\"background-color: RGBA(255,255,255,0);\" class=\"n2-ss-slide-background-color\"><\/div><\/div><div class=\"n2-ss-slide-background\" data-public-id=\"4\" data-mode=\"fill\" aria-hidden=\"true\"><div class=\"n2-ss-slide-background-image\" data-blur=\"0\" data-opacity=\"100\" data-x=\"50\" data-y=\"50\" data-alt=\"\" data-title=\"\"><picture class=\"skip-lazy\" data-skip-lazy=\"1\"><img decoding=\"async\" src=\"\/\/www.hapema-gmbh.de\/wp-content\/uploads\/hapema_k_II_3_0552.jpg\" alt=\"\" title=\"\" loading=\"lazy\" class=\"skip-lazy\" data-skip-lazy=\"1\"><\/picture><\/div><div data-color=\"RGBA(255,255,255,0)\" style=\"background-color: RGBA(255,255,255,0);\" class=\"n2-ss-slide-background-color\"><\/div><\/div><div class=\"n2-ss-slide-background\" data-public-id=\"5\" data-mode=\"fill\" aria-hidden=\"true\"><div class=\"n2-ss-slide-background-image\" data-blur=\"0\" data-opacity=\"100\" data-x=\"50\" data-y=\"50\" data-alt=\"\" data-title=\"\"><picture class=\"skip-lazy\" data-skip-lazy=\"1\"><img decoding=\"async\" src=\"\/\/www.hapema-gmbh.de\/wp-content\/uploads\/hapema_k_II_4_0586.jpg\" alt=\"\" title=\"\" loading=\"lazy\" class=\"skip-lazy\" data-skip-lazy=\"1\"><\/picture><\/div><div data-color=\"RGBA(255,255,255,0)\" style=\"background-color: RGBA(255,255,255,0);\" class=\"n2-ss-slide-background-color\"><\/div><\/div><div class=\"n2-ss-slide-background\" data-public-id=\"6\" data-mode=\"fill\" aria-hidden=\"true\"><div class=\"n2-ss-slide-background-image\" data-blur=\"0\" data-opacity=\"100\" data-x=\"50\" data-y=\"50\" data-alt=\"\" data-title=\"\"><picture class=\"skip-lazy\" data-skip-lazy=\"1\"><img decoding=\"async\" src=\"\/\/www.hapema-gmbh.de\/wp-content\/uploads\/hapema_k_II_5_0021.jpg\" alt=\"\" title=\"\" loading=\"lazy\" class=\"skip-lazy\" data-skip-lazy=\"1\"><\/picture><\/div><div data-color=\"RGBA(255,255,255,0)\" style=\"background-color: RGBA(255,255,255,0);\" class=\"n2-ss-slide-background-color\"><\/div><\/div><\/div>                    <div class=\"n2-ss-slider-4 n2-ow\">\n                        <svg xmlns=\"http:\/\/www.w3.org\/2000\/svg\" viewbox=\"0 0 1200 900\" data-related-device=\"desktopPortrait\" class=\"n2-ow n2-ss-preserve-size n2-ss-preserve-size--slider n2-ss-slide-limiter\"><\/svg><div data-first=\"1\" data-slide-duration=\"0\" data-id=\"39\" data-slide-public-id=\"1\" data-title=\"hapema_k_01_0287\" data-lightbox-image=\"\/\/www.hapema-gmbh.de\/wp-content\/uploads\/hapema_k_01_0287.jpg\" data-lightbox-alt=\"\" class=\"n2-ss-slide n2-ow  n2-ss-slide-39\"><div role=\"note\" class=\"n2-ss-slide--focus\" tabindex=\"-1\">hapema_k_01_0287<\/div><div class=\"n2-ss-layers-container n2-ss-slide-limiter n2-ow\"><div class=\"n2-ss-layer n2-ow n-uc-WvAo2D8EHsM1\" data-sstype=\"slide\" data-pm=\"default\"><\/div><\/div><\/div><div data-slide-duration=\"0\" data-id=\"40\" data-slide-public-id=\"2\" aria-hidden=\"true\" data-title=\"hapema_k_02_0033\" data-lightbox-image=\"\/\/www.hapema-gmbh.de\/wp-content\/uploads\/hapema_k_02_0033.jpg\" data-lightbox-alt=\"\" class=\"n2-ss-slide n2-ow  n2-ss-slide-40\"><div role=\"note\" class=\"n2-ss-slide--focus\" tabindex=\"-1\">hapema_k_02_0033<\/div><div class=\"n2-ss-layers-container n2-ss-slide-limiter n2-ow\"><div class=\"n2-ss-layer n2-ow n-uc-XtWImS9g3bWW\" data-sstype=\"slide\" data-pm=\"default\"><\/div><\/div><\/div><div data-slide-duration=\"0\" data-id=\"41\" data-slide-public-id=\"3\" aria-hidden=\"true\" data-title=\"hapema_k_12_0495\" data-lightbox-image=\"\/\/www.hapema-gmbh.de\/wp-content\/uploads\/hapema_k_12_0495.jpg\" data-lightbox-alt=\"\" class=\"n2-ss-slide n2-ow  n2-ss-slide-41\"><div role=\"note\" class=\"n2-ss-slide--focus\" tabindex=\"-1\">hapema_k_12_0495<\/div><div class=\"n2-ss-layers-container n2-ss-slide-limiter n2-ow\"><div class=\"n2-ss-layer n2-ow n-uc-kpYj7lZpALkZ\" data-sstype=\"slide\" data-pm=\"default\"><\/div><\/div><\/div><div data-slide-duration=\"0\" data-id=\"42\" data-slide-public-id=\"4\" aria-hidden=\"true\" data-title=\"hapema_k_II_3_0552\" data-lightbox-image=\"\/\/www.hapema-gmbh.de\/wp-content\/uploads\/hapema_k_II_3_0552.jpg\" data-lightbox-alt=\"\" class=\"n2-ss-slide n2-ow  n2-ss-slide-42\"><div role=\"note\" class=\"n2-ss-slide--focus\" tabindex=\"-1\">hapema_k_II_3_0552<\/div><div class=\"n2-ss-layers-container n2-ss-slide-limiter n2-ow\"><div class=\"n2-ss-layer n2-ow n-uc-VfMesvLXrKtf\" data-sstype=\"slide\" data-pm=\"default\"><\/div><\/div><\/div><div data-slide-duration=\"0\" data-id=\"43\" data-slide-public-id=\"5\" aria-hidden=\"true\" data-title=\"hapema_k_II_4_0586\" data-lightbox-image=\"\/\/www.hapema-gmbh.de\/wp-content\/uploads\/hapema_k_II_4_0586.jpg\" data-lightbox-alt=\"\" class=\"n2-ss-slide n2-ow  n2-ss-slide-43\"><div role=\"note\" class=\"n2-ss-slide--focus\" tabindex=\"-1\">hapema_k_II_4_0586<\/div><div class=\"n2-ss-layers-container n2-ss-slide-limiter n2-ow\"><div class=\"n2-ss-layer n2-ow n-uc-UmOWzK0vDai8\" data-sstype=\"slide\" data-pm=\"default\"><\/div><\/div><\/div><div data-slide-duration=\"0\" data-id=\"44\" data-slide-public-id=\"6\" aria-hidden=\"true\" data-title=\"hapema_k_II_5_0021\" data-lightbox-image=\"\/\/www.hapema-gmbh.de\/wp-content\/uploads\/hapema_k_II_5_0021.jpg\" data-lightbox-alt=\"\" class=\"n2-ss-slide n2-ow  n2-ss-slide-44\"><div role=\"note\" class=\"n2-ss-slide--focus\" tabindex=\"-1\">hapema_k_II_5_0021<\/div><div class=\"n2-ss-layers-container n2-ss-slide-limiter n2-ow\"><div class=\"n2-ss-layer n2-ow n-uc-loV5cu82Sk9q\" data-sstype=\"slide\" data-pm=\"default\"><\/div><\/div><\/div>                    <\/div>\n\n                                    <\/div>\n            <\/div>\n        <\/div>\n        <\/div><ss3-loader><\/ss3-loader><\/div><\/div><div class=\"n2_clear\"><\/div><\/div><\/div>\n<\/div>","protected":false},"excerpt":{"rendered":"<p>hapema ist &#8230; hapema ist ein mittelst\u00e4ndisches Unternehmen in einem hochspezialisierten Bereich der Metallbearbeitung, das sich in seiner \u00fcber drei\u00dfigj\u00e4hrigen Firmengeschichte eine herausragende Marktposition geschaffen hat. Unsere zentralen Standbeine Pr\u00e4zisions-Stanztechnik und Pr\u00e4zisions-Werkzeugbau sichern die Nachfrage von etablierten Firmen aus den Bereichen Automotive-, Elektrotechnik- und Elektronikindustrie. Auch Kunden aus der anspruchsvollen Medizintechnik setzen zunehmend auf die [&hellip;]<\/p>\n","protected":false},"author":7,"featured_media":0,"parent":0,"menu_order":0,"comment_status":"closed","ping_status":"closed","template":"","meta":{"footnotes":""},"class_list":["post-55","page","type-page","status-publish","hentry","post"],"_links":{"self":[{"href":"https:\/\/www.hapema-gmbh.de\/en\/wp-json\/wp\/v2\/pages\/55","targetHints":{"allow":["GET"]}}],"collection":[{"href":"https:\/\/www.hapema-gmbh.de\/en\/wp-json\/wp\/v2\/pages"}],"about":[{"href":"https:\/\/www.hapema-gmbh.de\/en\/wp-json\/wp\/v2\/types\/page"}],"author":[{"embeddable":true,"href":"https:\/\/www.hapema-gmbh.de\/en\/wp-json\/wp\/v2\/users\/7"}],"replies":[{"embeddable":true,"href":"https:\/\/www.hapema-gmbh.de\/en\/wp-json\/wp\/v2\/comments?post=55"}],"version-history":[{"count":12,"href":"https:\/\/www.hapema-gmbh.de\/en\/wp-json\/wp\/v2\/pages\/55\/revisions"}],"predecessor-version":[{"id":601,"href":"https:\/\/www.hapema-gmbh.de\/en\/wp-json\/wp\/v2\/pages\/55\/revisions\/601"}],"wp:attachment":[{"href":"https:\/\/www.hapema-gmbh.de\/en\/wp-json\/wp\/v2\/media?parent=55"}],"curies":[{"name":"wp","href":"https:\/\/api.w.org\/{rel}","templated":true}]}}