{"id":2,"date":"2022-03-17T14:29:28","date_gmt":"2022-03-17T14:29:28","guid":{"rendered":"https:\/\/www.hapema-gmbh.de\/?page_id=2"},"modified":"2025-03-17T11:11:31","modified_gmt":"2025-03-17T10:11:31","slug":"startseite","status":"publish","type":"page","link":"https:\/\/www.hapema-gmbh.de\/en\/","title":{"rendered":"Startseite"},"content":{"rendered":"<h1 class=\"leftshift-header wp-block-heading\">hapema brings <strong>precision to metal<\/strong><\/h1>\n\n\n\n<p>From the automotive, electrical engineering and electronics industries to the field of medical technology - you will find hapema products wherever the highest level of precision is required. We are the leading specialists in precision stamping technology, precision toolmaking and the manufacture of top-quality spare and wear parts.<\/p>\n\n\n\n<div class=\"wp-block-columns is-layout-flex wp-container-core-columns-is-layout-9d6595d7 wp-block-columns-is-layout-flex\">\n<div class=\"wp-block-column is-layout-flow wp-block-column-is-layout-flow\"><\/div>\n\n\n\n<div class=\"wp-block-column is-layout-flow wp-block-column-is-layout-flow\"><\/div>\n<\/div>\n\n\n\n<h2 class=\"has-text-align-center hp_product_headline hp_hide wp-block-heading\">Unsere Leistungsbereiche:<\/h2>\n\n\n\n<div class=\"wp-block-columns hp_leistungsbereich-button hp_topspace is-layout-flex wp-container-core-columns-is-layout-9d6595d7 wp-block-columns-is-layout-flex\">\n<div class=\"wp-block-column is-layout-flow wp-block-column-is-layout-flow\" style=\"flex-basis:20%\">\n<figure class=\"wp-block-image size-medium\"><img decoding=\"async\" width=\"300\" height=\"225\" src=\"https:\/\/www.hapema-gmbh.de\/wp-content\/uploads\/hapema_muster_stanztechnik_02-300x225.jpg\" alt=\"\" class=\"wp-image-318\" srcset=\"https:\/\/www.hapema-gmbh.de\/wp-content\/uploads\/hapema_muster_stanztechnik_02-300x225.jpg 300w, https:\/\/www.hapema-gmbh.de\/wp-content\/uploads\/hapema_muster_stanztechnik_02-768x576.jpg 768w, https:\/\/www.hapema-gmbh.de\/wp-content\/uploads\/hapema_muster_stanztechnik_02.jpg 800w\" sizes=\"(max-width: 300px) 100vw, 300px\" \/><\/figure>\n<\/div>\n\n\n\n<div class=\"wp-block-column is-layout-flow wp-block-column-is-layout-flow\" style=\"flex-basis:80%\">\n<div class=\"wp-block-buttons is-layout-flex wp-block-buttons-is-layout-flex\">\n<div class=\"wp-block-button is-style-fill\"><a class=\"wp-block-button__link\" href=\"\/en\/praezisions-stanztechnik\/\">Precision stamping technology<\/a><\/div>\n<\/div>\n<\/div>\n<\/div>\n\n\n\n<div class=\"wp-block-columns hp_leistungsbereich-button is-layout-flex wp-container-core-columns-is-layout-9d6595d7 wp-block-columns-is-layout-flex\">\n<div class=\"wp-block-column is-layout-flow wp-block-column-is-layout-flow\" style=\"flex-basis:20%\">\n<figure class=\"wp-block-image size-medium\"><img decoding=\"async\" width=\"300\" height=\"225\" src=\"https:\/\/www.hapema-gmbh.de\/wp-content\/uploads\/hapema_muster_stanztechnik_07-300x225.jpg\" alt=\"\" class=\"wp-image-322\" srcset=\"https:\/\/www.hapema-gmbh.de\/wp-content\/uploads\/hapema_muster_stanztechnik_07-300x225.jpg 300w, https:\/\/www.hapema-gmbh.de\/wp-content\/uploads\/hapema_muster_stanztechnik_07-768x576.jpg 768w, https:\/\/www.hapema-gmbh.de\/wp-content\/uploads\/hapema_muster_stanztechnik_07.jpg 800w\" sizes=\"(max-width: 300px) 100vw, 300px\" \/><\/figure>\n<\/div>\n\n\n\n<div class=\"wp-block-column is-layout-flow wp-block-column-is-layout-flow\" style=\"flex-basis:80%\">\n<div class=\"wp-block-buttons is-layout-flex wp-block-buttons-is-layout-flex\">\n<div class=\"wp-block-button is-style-fill\"><a class=\"wp-block-button__link\" href=\"\/en\/muster-bau-teilfertigung\/\">Prototype fabrication<\/a><\/div>\n<\/div>\n<\/div>\n<\/div>\n\n\n\n<div class=\"wp-block-columns hp_leistungsbereich-button is-layout-flex wp-container-core-columns-is-layout-9d6595d7 wp-block-columns-is-layout-flex\">\n<div class=\"wp-block-column is-layout-flow wp-block-column-is-layout-flow\" style=\"flex-basis:20%\">\n<figure class=\"wp-block-image size-medium\"><img decoding=\"async\" width=\"300\" height=\"225\" src=\"https:\/\/www.hapema-gmbh.de\/wp-content\/uploads\/hapema_muster_werkzeuge_03-300x225.jpg\" alt=\"\" class=\"wp-image-380\" srcset=\"https:\/\/www.hapema-gmbh.de\/wp-content\/uploads\/hapema_muster_werkzeuge_03-300x225.jpg 300w, https:\/\/www.hapema-gmbh.de\/wp-content\/uploads\/hapema_muster_werkzeuge_03-768x576.jpg 768w, https:\/\/www.hapema-gmbh.de\/wp-content\/uploads\/hapema_muster_werkzeuge_03.jpg 800w\" sizes=\"(max-width: 300px) 100vw, 300px\" \/><\/figure>\n<\/div>\n\n\n\n<div class=\"wp-block-column is-layout-flow wp-block-column-is-layout-flow\" style=\"flex-basis:80%\">\n<div class=\"wp-block-buttons is-layout-flex wp-block-buttons-is-layout-flex\">\n<div class=\"wp-block-button is-style-fill\"><a class=\"wp-block-button__link\" href=\"\/en\/praezisions-werkzeugbau\/\">Precision Tool Making<\/a><\/div>\n<\/div>\n<\/div>\n<\/div>\n\n\n\n<div class=\"wp-block-columns hp_leistungsbereich-button is-layout-flex wp-container-core-columns-is-layout-9d6595d7 wp-block-columns-is-layout-flex\">\n<div class=\"wp-block-column is-layout-flow wp-block-column-is-layout-flow\" style=\"flex-basis:20%\">\n<figure class=\"wp-block-image size-medium\"><img decoding=\"async\" width=\"300\" height=\"225\" src=\"https:\/\/www.hapema-gmbh.de\/wp-content\/uploads\/hapema_muster_ersatzteile_07-300x225.jpg\" alt=\"\" class=\"wp-image-391\" srcset=\"https:\/\/www.hapema-gmbh.de\/wp-content\/uploads\/hapema_muster_ersatzteile_07-300x225.jpg 300w, https:\/\/www.hapema-gmbh.de\/wp-content\/uploads\/hapema_muster_ersatzteile_07-768x576.jpg 768w, https:\/\/www.hapema-gmbh.de\/wp-content\/uploads\/hapema_muster_ersatzteile_07.jpg 800w\" sizes=\"(max-width: 300px) 100vw, 300px\" \/><\/figure>\n<\/div>\n\n\n\n<div class=\"wp-block-column is-layout-flow wp-block-column-is-layout-flow\" style=\"flex-basis:80%\">\n<div class=\"wp-block-buttons is-layout-flex wp-block-buttons-is-layout-flex\">\n<div class=\"wp-block-button is-style-fill\"><a class=\"wp-block-button__link\" href=\"\/en\/ersatz-verschleissteile\/\">Spare and wear parts<\/a><\/div>\n<\/div>\n<\/div>\n<\/div>\n\n\n\n<div class=\"wp-block-columns hb_cta_hr hp_topspace translation-block hide-english is-layout-flex wp-container-core-columns-is-layout-9d6595d7 wp-block-columns-is-layout-flex\">\n<div class=\"wp-block-column is-layout-flow wp-block-column-is-layout-flow\"><div class=\"n2-section-smartslider fitvidsignore  n2_clear\" data-ssid=\"26\"><div id=\"n2-ss-26-align\" class=\"n2-ss-align\"><div class=\"n2-padding\"><div id=\"n2-ss-26\" data-creator=\"Smart Slider 3\" data-responsive=\"auto\" class=\"n2-ss-slider n2-ow n2-has-hover n2notransition  n2-ss-feature-post-bg-loader\">\n        <div class=\"n2-ss-slider-1 n2_ss__touch_element n2-ow\">\n            <div class=\"n2-ss-slider-2 n2-ow\">\n                                                <div class=\"n2-ss-slider-3 n2-ow\">\n\n                    <div class=\"n2-ss-static-slide n2-ow\"><div class=\"n2-ss-layer n2-ow n-uc-TYW00en3M5Gf\" data-sstype=\"slide\" data-pm=\"default\"><\/div><\/div><div class=\"n2-ss-slide-backgrounds n2-ow-all\"><div class=\"n2-ss-slide-background\" data-public-id=\"1\" data-mode=\"fill\"><div class=\"n2-ss-slide-background-image\" data-blur=\"0\" data-opacity=\"100\" data-x=\"50\" data-y=\"50\" data-alt=\"\" data-title=\"\"><picture class=\"skip-lazy\" data-skip-lazy=\"1\"><img decoding=\"async\" src=\"\/\/www.hapema-gmbh.de\/wp-content\/uploads\/hapema_k_II_9_0438.jpg\" alt=\"\" title=\"\" loading=\"lazy\" class=\"skip-lazy\" data-skip-lazy=\"1\"><\/picture><\/div><div data-color=\"RGBA(255,255,255,0)\" style=\"background-color: RGBA(255,255,255,0);\" class=\"n2-ss-slide-background-color\"><\/div><\/div><div class=\"n2-ss-slide-background\" data-public-id=\"2\" data-mode=\"fill\" aria-hidden=\"true\"><div class=\"n2-ss-slide-background-image\" data-blur=\"0\" data-opacity=\"100\" data-x=\"50\" data-y=\"50\" data-alt=\"\" data-title=\"\"><picture class=\"skip-lazy\" data-skip-lazy=\"1\"><img decoding=\"async\" src=\"\/\/www.hapema-gmbh.de\/wp-content\/uploads\/hapema_k_00_0084.jpg\" alt=\"\" title=\"\" loading=\"lazy\" class=\"skip-lazy\" data-skip-lazy=\"1\"><\/picture><\/div><div data-color=\"RGBA(255,255,255,0)\" style=\"background-color: RGBA(255,255,255,0);\" class=\"n2-ss-slide-background-color\"><\/div><\/div><div class=\"n2-ss-slide-background\" data-public-id=\"3\" data-mode=\"fill\" aria-hidden=\"true\"><div class=\"n2-ss-slide-background-image\" data-blur=\"0\" data-opacity=\"100\" data-x=\"50\" data-y=\"50\" data-alt=\"\" data-title=\"\"><picture class=\"skip-lazy\" data-skip-lazy=\"1\"><img decoding=\"async\" src=\"\/\/www.hapema-gmbh.de\/wp-content\/uploads\/hapema_k_08_0477.jpg\" alt=\"\" title=\"\" loading=\"lazy\" class=\"skip-lazy\" data-skip-lazy=\"1\"><\/picture><\/div><div data-color=\"RGBA(255,255,255,0)\" style=\"background-color: RGBA(255,255,255,0);\" class=\"n2-ss-slide-background-color\"><\/div><\/div><\/div>                    <div class=\"n2-ss-slider-4 n2-ow\">\n                        <svg xmlns=\"http:\/\/www.w3.org\/2000\/svg\" viewbox=\"0 0 900 600\" data-related-device=\"desktopPortrait\" class=\"n2-ow n2-ss-preserve-size n2-ss-preserve-size--slider n2-ss-slide-limiter\"><\/svg><div data-first=\"1\" data-slide-duration=\"0\" data-id=\"136\" data-slide-public-id=\"1\" data-title=\"hapema_k_II_9_0438\" data-lightbox-image=\"\/\/www.hapema-gmbh.de\/wp-content\/uploads\/hapema_k_II_9_0438.jpg\" data-lightbox-alt=\"\" class=\"n2-ss-slide n2-ow  n2-ss-slide-136\"><div role=\"note\" class=\"n2-ss-slide--focus\" tabindex=\"-1\">hapema_k_II_9_0438<\/div><div class=\"n2-ss-layers-container n2-ss-slide-limiter n2-ow\"><div class=\"n2-ss-layer n2-ow n-uc-rw2b3ZA5wqiX\" data-sstype=\"slide\" data-pm=\"default\"><\/div><\/div><\/div><div data-slide-duration=\"0\" data-id=\"138\" data-slide-public-id=\"2\" aria-hidden=\"true\" data-title=\"hapema_k_00_0084\" data-lightbox-image=\"\/\/www.hapema-gmbh.de\/wp-content\/uploads\/hapema_k_00_0084.jpg\" data-lightbox-alt=\"\" class=\"n2-ss-slide n2-ow  n2-ss-slide-138\"><div role=\"note\" class=\"n2-ss-slide--focus\" tabindex=\"-1\">hapema_k_00_0084<\/div><div class=\"n2-ss-layers-container n2-ss-slide-limiter n2-ow\"><div class=\"n2-ss-layer n2-ow n-uc-9haCSPq90vwj\" data-sstype=\"slide\" data-pm=\"default\"><\/div><\/div><\/div><div data-slide-duration=\"0\" data-id=\"137\" data-slide-public-id=\"3\" aria-hidden=\"true\" data-title=\"hapema_k_08_0477\" data-lightbox-image=\"\/\/www.hapema-gmbh.de\/wp-content\/uploads\/hapema_k_08_0477.jpg\" data-lightbox-alt=\"\" class=\"n2-ss-slide n2-ow  n2-ss-slide-137\"><div role=\"note\" class=\"n2-ss-slide--focus\" tabindex=\"-1\">hapema_k_08_0477<\/div><div class=\"n2-ss-layers-container n2-ss-slide-limiter n2-ow\"><div class=\"n2-ss-layer n2-ow n-uc-aNyfmbXOh7QW\" data-sstype=\"slide\" data-pm=\"default\"><\/div><\/div><\/div>                    <\/div>\n\n                                    <\/div>\n            <\/div>\n        <\/div>\n        <\/div><ss3-loader><\/ss3-loader><\/div><\/div><div class=\"n2_clear\"><\/div><\/div><\/div>\n\n\n\n<div class=\"wp-block-column is-layout-flow wp-block-column-is-layout-flow\">\n<h2 class=\"has-text-align-center wp-block-heading\">Wir bei hapema sichern Zukunft:<\/h2>\n\n\n\n<p class=\"has-text-align-center\">Festanstellung<br>Ausbildung<br>Praktikum<\/p>\n\n\n\n<p><\/p>\n\n\n\n<p><\/p>\n\n\n\n<p class=\"has-text-align-center\"><a href=\"https:\/\/jobs.hapema-gmbh.de\">Jetzt bewerben<\/a><\/p>\n<\/div>\n<\/div>\n\n\n\n<figure class=\"wp-block-image size-full custom-bg hp_extrawide\"><img decoding=\"async\" width=\"1920\" height=\"1031\" src=\"https:\/\/www.hapema-gmbh.de\/wp-content\/uploads\/ILLU_blog_hapema_Gebaeude_50.png\" alt=\"\" class=\"wp-image-208\" srcset=\"https:\/\/www.hapema-gmbh.de\/wp-content\/uploads\/ILLU_blog_hapema_Gebaeude_50.png 1920w, https:\/\/www.hapema-gmbh.de\/wp-content\/uploads\/ILLU_blog_hapema_Gebaeude_50-300x161.png 300w, https:\/\/www.hapema-gmbh.de\/wp-content\/uploads\/ILLU_blog_hapema_Gebaeude_50-1024x550.png 1024w, https:\/\/www.hapema-gmbh.de\/wp-content\/uploads\/ILLU_blog_hapema_Gebaeude_50-768x412.png 768w, https:\/\/www.hapema-gmbh.de\/wp-content\/uploads\/ILLU_blog_hapema_Gebaeude_50-1536x825.png 1536w\" sizes=\"(max-width: 1920px) 100vw, 1920px\" \/><\/figure>","protected":false},"excerpt":{"rendered":"<p>hapema macht Pr\u00e4zision in Metall Ob Au\u00adto\u00admo\u00adti\u00adve-, Elektrotechnik- und Elektronikindustrie bis Me\u00addi\u00adzin\u00adtech\u00adnik:&nbsp;hapema-Pro\u00adduk\u00adte sind \u00fcber\u00adall mit dabei, wo h\u00f6chs\u00adte Pr\u00e4\u00adzi\u00adsi\u00adon ge\u00adfragt ist.&nbsp;Wir sind die Spezialisten f\u00fcr Pr\u00e4zisions-Stanztechnik, den Pr\u00e4zisions-Werkzeugbau und die Herstellung von Ersatz- und Verschlei\u00dfteilen bester Qualit\u00e4t. Unsere Leistungsbereiche: Wir bei hapema sichern Zukunft: FestanstellungAusbildungPraktikum Jetzt bewerben<\/p>","protected":false},"author":7,"featured_media":0,"parent":0,"menu_order":0,"comment_status":"closed","ping_status":"open","template":"","meta":{"footnotes":""},"class_list":["post-2","page","type-page","status-publish","hentry","post"],"_links":{"self":[{"href":"https:\/\/www.hapema-gmbh.de\/en\/wp-json\/wp\/v2\/pages\/2","targetHints":{"allow":["GET"]}}],"collection":[{"href":"https:\/\/www.hapema-gmbh.de\/en\/wp-json\/wp\/v2\/pages"}],"about":[{"href":"https:\/\/www.hapema-gmbh.de\/en\/wp-json\/wp\/v2\/types\/page"}],"author":[{"embeddable":true,"href":"https:\/\/www.hapema-gmbh.de\/en\/wp-json\/wp\/v2\/users\/7"}],"replies":[{"embeddable":true,"href":"https:\/\/www.hapema-gmbh.de\/en\/wp-json\/wp\/v2\/comments?post=2"}],"version-history":[{"count":57,"href":"https:\/\/www.hapema-gmbh.de\/en\/wp-json\/wp\/v2\/pages\/2\/revisions"}],"predecessor-version":[{"id":2029,"href":"https:\/\/www.hapema-gmbh.de\/en\/wp-json\/wp\/v2\/pages\/2\/revisions\/2029"}],"wp:attachment":[{"href":"https:\/\/www.hapema-gmbh.de\/en\/wp-json\/wp\/v2\/media?parent=2"}],"curies":[{"name":"wp","href":"https:\/\/api.w.org\/{rel}","templated":true}]}}